{"id":19,"date":"2023-06-14T18:01:14","date_gmt":"2023-06-14T18:01:14","guid":{"rendered":"https:\/\/oukosher.org\/vn\/?page_id=19"},"modified":"2023-06-14T18:01:46","modified_gmt":"2023-06-14T18:01:46","slug":"chung-nhan-kosher-la-gi","status":"publish","type":"page","link":"https:\/\/oukosher.org\/vn\/chung-nhan-kosher-la-gi\/","title":{"rendered":"Ch\u1ee9ng nh\u1eadn Kosher l\u00e0 g\u00ec?\u00a0"},"content":{"rendered":"<p><span data-contrast=\"auto\">T\u1eeb <\/span><b><span data-contrast=\"auto\">kosher c\u00f3 ngh\u0129a l\u00e0 ph\u00f9 h\u1ee3p ho\u1eb7c c\u00f3 th\u1ec3 ch\u1ea5p nh\u1eadn \u0111\u01b0\u1ee3c <\/span><\/b><span data-contrast=\"auto\">, v\u00e0 n\u00f3 \u0111\u00e3 \u0111\u01b0\u1ee3c \u0111\u01b0a v\u00e0o ng\u00f4n ng\u1eef ti\u1ebfng Anh m\u1ed9t c\u00e1ch kh\u00f4ng ch\u00ednh th\u1ee9c v\u1edbi ngh\u0129a \u0111\u00f3. Nh\u01b0ng lu\u1eadt kosher c\u00f3 ngu\u1ed3n g\u1ed1c t\u1eeb Kinh th\u00e1nh v\u00e0 \u0111\u01b0\u1ee3c tr\u00ecnh b\u00e0y chi ti\u1ebft trong Talmud (s\u00e1ch lu\u1eadt c\u1ee7a ng\u01b0\u1eddi Do Th\u00e1i) v\u00e0 c\u00e1c quy t\u1eafc kh\u00e1c c\u1ee7a <\/span><b><span data-contrast=\"auto\">truy\u1ec1n th\u1ed1ng Do Th\u00e1i <\/span><\/b><span data-contrast=\"auto\">. Ch\u00fang \u0111\u00e3 \u0111\u01b0\u1ee3c \u00e1p d\u1ee5ng qua nhi\u1ec1u th\u1ebf k\u1ef7 cho c\u00e1c t\u00ecnh hu\u1ed1ng lu\u00f4n thay \u0111\u1ed5i v\u00e0 nh\u1eefng quy t\u1eafc n\u00e0y, c\u1ea3 c\u1ed5 x\u01b0a v\u00e0 hi\u1ec7n \u0111\u1ea1i, chi ph\u1ed1i <\/span><a href=\"https:\/\/oukosher.org\/get-certified-application\/\"><span data-contrast=\"none\">ch\u1ee9ng nh\u1eadn kosher c\u1ee7a OU <\/span><\/a><span data-contrast=\"auto\">.<\/span><span data-ccp-props=\"{&quot;134233117&quot;:true,&quot;134233118&quot;:true}\">\u00a0<\/span><\/p>\n<p><span data-contrast=\"auto\">B\u1ea1n c\u00f3 th\u1ec3 \u0111\u00e3 quen thu\u1ed9c v\u1edbi m\u1ed9t s\u1ed1 y\u00eau c\u1ea7u n\u1ed5i ti\u1ebfng h\u01a1n \u0111\u1ed1i v\u1edbi kosher, nh\u01b0ng b\u1ea1n c\u00f3 th\u1ec3 ng\u1ea1c nhi\u00ean v\u1ec1 m\u1ee9c \u0111\u1ed9 m\u00e0 b\u1ea1n c\u00f3 th\u1ec3 kh\u00f4ng bi\u1ebft v\u1ec1 th\u1ef1c ph\u1ea9m kosher.<\/span><span data-ccp-props=\"{&quot;134233117&quot;:true,&quot;134233118&quot;:true}\">\u00a0<\/span><\/p>\n<p><b><span data-contrast=\"auto\">Th\u1ef1c ph\u1ea9m n\u00e0o kh\u00f4ng ph\u1ea3i l\u00e0 Kosher?<\/span><\/b><span data-ccp-props=\"{&quot;134233117&quot;:true,&quot;134233118&quot;:true}\">\u00a0<\/span><\/p>\n<p><span data-contrast=\"auto\">Kinh th\u00e1nh li\u1ec7t k\u00ea c\u00e1c lo\u1ea1i th\u1ef1c ph\u1ea9m c\u01a1 b\u1ea3n kh\u00f4ng ph\u1ea3i l\u00e0 kosher. Ch\u00fang bao g\u1ed3m m\u1ed9t s\u1ed1 \u0111\u1ed9ng v\u1eadt, chim v\u00e0 c\u00e1 (ch\u1eb3ng h\u1ea1n nh\u01b0 th\u1ecbt l\u1ee3n v\u00e0 th\u1ecf, \u0111\u1ea1i b\u00e0ng v\u00e0 c\u00fa, c\u00e1 da tr\u01a1n v\u00e0 c\u00e1 t\u1ea7m), h\u1ea7u h\u1ebft c\u00f4n tr\u00f9ng v\u00e0 b\u1ea5t k\u1ef3 \u0111\u1ed9ng v\u1eadt c\u00f3 v\u1ecf ho\u1eb7c b\u00f2 s\u00e1t n\u00e0o. Ngo\u00e0i ra, c\u00e1c lo\u00e0i th\u1ecbt v\u00e0 chim kosher ph\u1ea3i \u0111\u01b0\u1ee3c gi\u1ebft m\u1ed5 theo m\u1ed9t c\u00e1ch c\u1ee5 th\u1ec3, v\u00e0 th\u1ecbt v\u00e0 c\u00e1c s\u1ea3n ph\u1ea9m t\u1eeb s\u1eefa kh\u00f4ng \u0111\u01b0\u1ee3c s\u1ea3n xu\u1ea5t ho\u1eb7c \u0103n c\u00f9ng nhau.<\/span><span data-ccp-props=\"{&quot;134233117&quot;:true,&quot;134233118&quot;:true}\">\u00a0<\/span><span data-ccp-props=\"{&quot;134233117&quot;:true,&quot;134233118&quot;:true}\">\u00a0<\/span><\/p>\n<p><b><span data-contrast=\"auto\">T\u1ea1i sao ph\u1ea3i gi\u00e1m s\u00e1t Kosher?<\/span><\/b><span data-ccp-props=\"{&quot;134233117&quot;:true,&quot;134233118&quot;:true}\">\u00a0<\/span><\/p>\n<p><span data-contrast=\"auto\">T\u1ea1i sao r\u1ea5t nhi\u1ec1u lo\u1ea1i th\u1ef1c ph\u1ea9m y\u00eau c\u1ea7u gi\u00e1m s\u00e1t kosher? \u0110i\u1ec1u g\u00ec l\u00e0m cho th\u1ef1c ph\u1ea9m kh\u00f4ng kosher? C\u00f3 ph\u1ea3i t\u1ea5t c\u1ea3 c\u00e1c s\u1ea3n ph\u1ea9m \u0111\u01b0\u1ee3c l\u00e0m t\u1eeb Th\u00e0nh ph\u1ea7n Kosher Kosher? V\u00ed d\u1ee5, v\u00ec ng\u0169 c\u1ed1c v\u00e0 khoai t\u00e2y chi\u00ean kh\u00f4ng \u0111\u01b0\u1ee3c l\u00e0m t\u1eeb th\u1ecbt, chim, c\u00e1 ho\u1eb7c c\u00f4n tr\u00f9ng n\u00ean ch\u00fang v\u1ed1n d\u0129 kh\u00f4ng ph\u1ea3i l\u00e0 kosher sao?<\/span><span data-ccp-props=\"{&quot;134233117&quot;:true,&quot;134233118&quot;:true}\">\u00a0<\/span><\/p>\n<p><span data-contrast=\"auto\">C\u00e2u tr\u1ea3 l\u1eddi l\u00e0 \u0111\u1ec3 m\u1ed9t m\u00f3n \u0103n tr\u1edf n\u00ean kosher th\u00ec t\u1ea5t c\u1ea3 nguy\u00ean li\u1ec7u c\u0169ng ph\u1ea3i kosher. V\u00ed d\u1ee5: m\u1ed9t lo\u1ea1i ng\u0169 c\u1ed1c c\u00f3 th\u1ec3 kh\u00f4ng ph\u1ea3i l\u00e0 kosher v\u00ec n\u00f3 c\u00f3 nho kh\u00f4 \u0111\u01b0\u1ee3c ph\u1ee7 m\u1ed9t l\u1edbp glycerin c\u00f3 ngu\u1ed3n g\u1ed1c t\u1eeb \u0111\u1ed9ng v\u1eadt, kh\u00f4ng ph\u1ea3i l\u00e0 kosher. Khoai t\u00e2y chi\u00ean c\u00f3 th\u1ec3 kh\u00f4ng ph\u1ea3i l\u00e0 kosher n\u1ebfu d\u1ea7u th\u1ef1c v\u1eadt \u0111\u01b0\u1ee3c s\u1eed d\u1ee5ng trong n\u1ed3i chi\u00ean \u0111\u00e3 \u0111\u01b0\u1ee3c tinh ch\u1ebf v\u00e0 kh\u1eed m\u00f9i tr\u00ean thi\u1ebft b\u1ecb \u0111\u01b0\u1ee3c s\u1eed d\u1ee5ng \u0111\u1ec3 s\u1ea3n xu\u1ea5t m\u1ee1 \u0111\u1ed9ng v\u1eadt. Tr\u00ean th\u1ef1c t\u1ebf, thi\u1ebft b\u1ecb \u0111\u01b0\u1ee3c s\u1eed d\u1ee5ng \u0111\u1ec3 s\u1ea3n xu\u1ea5t n\u00f3ng c\u00e1c s\u1ea3n ph\u1ea9m kh\u00f4ng ph\u1ea3i kosher c\u00f3 th\u1ec3 kh\u00f4ng \u0111\u01b0\u1ee3c s\u1eed d\u1ee5ng \u0111\u1ec3 s\u1ea3n xu\u1ea5t kosher m\u00e0 kh\u00f4ng c\u00f3 qu\u00e1 tr\u00ecnh kosher h\u00f3a (quy tr\u00ecnh thanh l\u1ecdc n\u00f3ng). <\/span><br \/>\n<a href=\"https:\/\/oukosher.org\/get-certified-application\/\"><span data-contrast=\"none\">\u0110\u0103ng k\u00fd ch\u1ee9ng nh\u1eadn Kosher<\/span><\/a><span data-ccp-props=\"{&quot;134233117&quot;:true,&quot;134233118&quot;:true}\">\u00a0<\/span><\/p>\n<p><b><span data-contrast=\"auto\">Ch\u1ee9ng nh\u1eadn Kosher ngh\u0129a l\u00e0 g\u00ec?<\/span><\/b><span data-ccp-props=\"{&quot;134233117&quot;:true,&quot;134233118&quot;:true}\">\u00a0<\/span><\/p>\n<p><span data-contrast=\"auto\">Ch\u1ee9ng nh\u1eadn Kosher l\u00e0 con d\u1ea5u ph\u00ea duy\u1ec7t kosher c\u1ee7a C\u01a1 quan gi\u00e1o s\u0129 Do Th\u00e1i x\u00e1c minh r\u1eb1ng h\u1ecd \u0111\u00e3 ki\u1ec3m tra th\u00e0nh ph\u1ea7n s\u1ea3n ph\u1ea9m, c\u01a1 s\u1edf s\u1ea3n xu\u1ea5t v\u00e0 qu\u00e1 tr\u00ecnh s\u1ea3n xu\u1ea5t th\u1ef1c t\u1ebf \u0111\u1ec3 \u0111\u1ea3m b\u1ea3o t\u1ea5t c\u1ea3 c\u00e1c th\u00e0nh ph\u1ea7n, d\u1eabn xu\u1ea5t, c\u00f4ng c\u1ee5 v\u00e0 m\u00e1y m\u00f3c kh\u00f4ng c\u00f3 d\u1ea5u v\u1ebft c\u1ee7a c\u00e1c ch\u1ea5t kh\u00f4ng ph\u1ea3i kosher. Bi\u1ec3u <\/span><a href=\"https:\/\/oukosher.org\/blog\/industrial-kosher\/all-ou-symbols-explained\/\"><span data-contrast=\"none\">t\u01b0\u1ee3ng Ch\u1ee9ng nh\u1eadn Kosher <\/span><\/a><span data-contrast=\"auto\">\u0111\u1ea3m b\u1ea3o v\u1edbi ng\u01b0\u1eddi ti\u00eau d\u00f9ng r\u1eb1ng c\u1ea3 s\u1ea3n ph\u1ea9m th\u1ef1c t\u1ebf v\u00e0 qu\u00e1 tr\u00ecnh s\u1ea3n xu\u1ea5t c\u1ee7a n\u00f3 \u0111\u1ec1u tu\u00e2n th\u1ee7 t\u1ea5t c\u1ea3 c\u00e1c y\u00eau c\u1ea7u c\u1ee7a Kosher.<\/span><span data-ccp-props=\"{&quot;134233117&quot;:true,&quot;134233118&quot;:true}\">\u00a0<\/span><\/p>\n<p><span data-ccp-props=\"{&quot;134233117&quot;:true,&quot;134233118&quot;:true}\">\u00a0<\/span><\/p>\n<p><span data-contrast=\"auto\">Nh\u1eadn ch\u1ee9ng nh\u1eadn OU Kosher b\u1eaft \u0111\u1ea7u b\u1eb1ng <\/span><a href=\"https:\/\/oukosher.org\/get-certified-application\/\"><span data-contrast=\"none\">\u0110\u01a1n xin ch\u1ee9ng nh\u1eadn Kosher <\/span><\/a><span data-contrast=\"auto\">.<\/span><span data-ccp-props=\"{&quot;134233117&quot;:true,&quot;134233118&quot;:true}\">\u00a0<\/span><\/p>\n<p><span data-ccp-props=\"{&quot;134233117&quot;:true,&quot;134233118&quot;:true}\">\u00a0<\/span><\/p>\n<p><b><span data-contrast=\"auto\">\u0110i\u1ec1u ph\u1ed1i vi\u00ean Rabbinic (\u0110i\u1ec1u h\u00e0nh t\u00e0i kho\u1ea3n)<\/span><\/b><span data-ccp-props=\"{&quot;134233117&quot;:true,&quot;134233118&quot;:true}\">\u00a0<\/span><\/p>\n<p><span data-contrast=\"auto\">M\u1ed9t \u0111i\u1ec1u ph\u1ed1i vi\u00ean Rabbinic (ng\u01b0\u1eddi \u0111i\u1ec1u h\u00e0nh t\u00e0i kho\u1ea3n) s\u1ebd \u0111\u01b0\u1ee3c ch\u1ec9 \u0111\u1ecbnh \u0111\u1ec3 x\u1eed l\u00fd \u0111\u01a1n \u0111\u0103ng k\u00fd c\u1ee7a b\u1ea1n. RC n\u00e0y s\u1ebd l\u00e0 ng\u01b0\u1eddi ch\u1ec9 \u0111\u1ecbnh c\u1ee7a b\u1ea1n t\u1ea1i OU v\u00e0 s\u1ebd s\u1eb5n s\u00e0ng tr\u1ea3 l\u1eddi c\u00e1c c\u00e2u h\u1ecfi c\u1ee7a b\u1ea1n, gi\u1ea3i quy\u1ebft c\u00e1c nhu c\u1ea7u c\u1ee7a b\u1ea1n v\u00e0 h\u01b0\u1edbng d\u1eabn b\u1ea1n qua quy tr\u00ecnh ch\u1ee9ng nh\u1eadn.<\/span><span data-ccp-props=\"{&quot;134233117&quot;:true,&quot;134233118&quot;:true}\">\u00a0<\/span><\/p>\n<p><span data-contrast=\"auto\">Quan t\u00e2m \u0111\u1ebfn vi\u1ec7c t\u00ecm hi\u1ec3u th\u00eam v\u1ec1 Kosher? T\u00ecm hi\u1ec3u ch\u00ednh x\u00e1c <\/span><a href=\"https:\/\/oukosher.org\/the-kosher-primer\/\"><span data-contrast=\"none\">\u00fd ngh\u0129a c\u1ee7a kosher <\/span><\/a><span data-contrast=\"auto\">trong ph\u1ea7n Kosher Primer c\u1ee7a ch\u00fang t\u00f4i.<\/span><span data-ccp-props=\"{&quot;134233117&quot;:true,&quot;134233118&quot;:true}\">\u00a0<\/span><\/p>\n","protected":false},"excerpt":{"rendered":"<p>T\u1eeb kosher c\u00f3 ngh\u0129a l\u00e0 ph\u00f9 h\u1ee3p ho\u1eb7c c\u00f3 th\u1ec3 ch\u1ea5p nh\u1eadn \u0111\u01b0\u1ee3c , v\u00e0 n\u00f3 \u0111\u00e3 \u0111\u01b0\u1ee3c \u0111\u01b0a v\u00e0o ng\u00f4n ng\u1eef ti\u1ebfng Anh m\u1ed9t c\u00e1ch kh\u00f4ng ch\u00ednh th\u1ee9c v\u1edbi ngh\u0129a \u0111\u00f3. Nh\u01b0ng lu\u1eadt kosher c\u00f3 ngu\u1ed3n g\u1ed1c t\u1eeb Kinh th\u00e1nh v\u00e0 \u0111\u01b0\u1ee3c tr\u00ecnh b\u00e0y chi ti\u1ebft trong Talmud (s\u00e1ch lu\u1eadt c\u1ee7a ng\u01b0\u1eddi Do Th\u00e1i) [&hellip;]<\/p>\n","protected":false},"author":2,"featured_media":0,"parent":0,"menu_order":0,"comment_status":"closed","ping_status":"closed","template":"","meta":{"_acf_changed":false,"ep_exclude_from_search":false,"footnotes":""},"class_list":["post-19","page","type-page","status-publish","hentry"],"acf":[],"yoast_head":"<!-- This site is optimized with the Yoast SEO plugin v21.9.1 - https:\/\/yoast.com\/wordpress\/plugins\/seo\/ -->\n<title>Ch\u1ee9ng nh\u1eadn Kosher l\u00e0 g\u00ec?\u00a0 - OU Kosher VN<\/title>\n<meta name=\"robots\" content=\"index, follow, max-snippet:-1, max-image-preview:large, max-video-preview:-1\" \/>\n<link rel=\"canonical\" href=\"https:\/\/oukosher.org\/vn\/chung-nhan-kosher-la-gi\/\" \/>\n<meta property=\"og:locale\" content=\"en_US\" \/>\n<meta property=\"og:type\" content=\"article\" \/>\n<meta property=\"og:title\" content=\"Ch\u1ee9ng nh\u1eadn Kosher l\u00e0 g\u00ec?\u00a0 - OU Kosher VN\" \/>\n<meta property=\"og:description\" content=\"T\u1eeb kosher c\u00f3 ngh\u0129a l\u00e0 ph\u00f9 h\u1ee3p ho\u1eb7c c\u00f3 th\u1ec3 ch\u1ea5p nh\u1eadn \u0111\u01b0\u1ee3c , v\u00e0 n\u00f3 \u0111\u00e3 \u0111\u01b0\u1ee3c \u0111\u01b0a v\u00e0o ng\u00f4n ng\u1eef ti\u1ebfng Anh m\u1ed9t c\u00e1ch kh\u00f4ng ch\u00ednh th\u1ee9c v\u1edbi ngh\u0129a \u0111\u00f3. Nh\u01b0ng lu\u1eadt kosher c\u00f3 ngu\u1ed3n g\u1ed1c t\u1eeb Kinh th\u00e1nh v\u00e0 \u0111\u01b0\u1ee3c tr\u00ecnh b\u00e0y chi ti\u1ebft trong Talmud (s\u00e1ch lu\u1eadt c\u1ee7a ng\u01b0\u1eddi Do Th\u00e1i) [&hellip;]\" \/>\n<meta property=\"og:url\" content=\"https:\/\/oukosher.org\/vn\/chung-nhan-kosher-la-gi\/\" \/>\n<meta property=\"og:site_name\" content=\"OU Kosher VN\" \/>\n<meta property=\"article:modified_time\" content=\"2023-06-14T18:01:46+00:00\" \/>\n<meta name=\"twitter:card\" content=\"summary_large_image\" \/>\n<meta name=\"twitter:label1\" content=\"Est. reading time\" \/>\n\t<meta name=\"twitter:data1\" content=\"5 minutes\" \/>\n<script type=\"application\/ld+json\" class=\"yoast-schema-graph\">{\"@context\":\"https:\/\/schema.org\",\"@graph\":[{\"@type\":\"WebPage\",\"@id\":\"https:\/\/oukosher.org\/vn\/chung-nhan-kosher-la-gi\/\",\"url\":\"https:\/\/oukosher.org\/vn\/chung-nhan-kosher-la-gi\/\",\"name\":\"Ch\u1ee9ng nh\u1eadn Kosher l\u00e0 g\u00ec?\u00a0 - OU Kosher VN\",\"isPartOf\":{\"@id\":\"https:\/\/oukosher.org\/vn\/#website\"},\"datePublished\":\"2023-06-14T18:01:14+00:00\",\"dateModified\":\"2023-06-14T18:01:46+00:00\",\"breadcrumb\":{\"@id\":\"https:\/\/oukosher.org\/vn\/chung-nhan-kosher-la-gi\/#breadcrumb\"},\"inLanguage\":\"vn\",\"potentialAction\":[{\"@type\":\"ReadAction\",\"target\":[\"https:\/\/oukosher.org\/vn\/chung-nhan-kosher-la-gi\/\"]}]},{\"@type\":\"BreadcrumbList\",\"@id\":\"https:\/\/oukosher.org\/vn\/chung-nhan-kosher-la-gi\/#breadcrumb\",\"itemListElement\":[{\"@type\":\"ListItem\",\"position\":1,\"name\":\"Home\",\"item\":\"https:\/\/oukosher.org\/vn\/\"},{\"@type\":\"ListItem\",\"position\":2,\"name\":\"Ch\u1ee9ng nh\u1eadn Kosher l\u00e0 g\u00ec?\u00a0\"}]},{\"@type\":\"WebSite\",\"@id\":\"https:\/\/oukosher.org\/vn\/#website\",\"url\":\"https:\/\/oukosher.org\/vn\/\",\"name\":\"OU Kosher Vi\u1ec7t Nam\",\"description\":\"\",\"potentialAction\":[{\"@type\":\"SearchAction\",\"target\":{\"@type\":\"EntryPoint\",\"urlTemplate\":\"https:\/\/oukosher.org\/product-search\/#s={search_term_string}\"},\"query-input\":\"required name=search_term_string\"}],\"inLanguage\":\"vn\"}]}<\/script>\n<!-- \/ Yoast SEO plugin. -->","yoast_head_json":{"title":"Ch\u1ee9ng nh\u1eadn Kosher l\u00e0 g\u00ec?\u00a0 - OU Kosher VN","robots":{"index":"index","follow":"follow","max-snippet":"max-snippet:-1","max-image-preview":"max-image-preview:large","max-video-preview":"max-video-preview:-1"},"canonical":"https:\/\/oukosher.org\/vn\/chung-nhan-kosher-la-gi\/","og_locale":"en_US","og_type":"article","og_title":"Ch\u1ee9ng nh\u1eadn Kosher l\u00e0 g\u00ec?\u00a0 - OU Kosher VN","og_description":"T\u1eeb kosher c\u00f3 ngh\u0129a l\u00e0 ph\u00f9 h\u1ee3p ho\u1eb7c c\u00f3 th\u1ec3 ch\u1ea5p nh\u1eadn \u0111\u01b0\u1ee3c , v\u00e0 n\u00f3 \u0111\u00e3 \u0111\u01b0\u1ee3c \u0111\u01b0a v\u00e0o ng\u00f4n ng\u1eef ti\u1ebfng Anh m\u1ed9t c\u00e1ch kh\u00f4ng ch\u00ednh th\u1ee9c v\u1edbi ngh\u0129a \u0111\u00f3. Nh\u01b0ng lu\u1eadt kosher c\u00f3 ngu\u1ed3n g\u1ed1c t\u1eeb Kinh th\u00e1nh v\u00e0 \u0111\u01b0\u1ee3c tr\u00ecnh b\u00e0y chi ti\u1ebft trong Talmud (s\u00e1ch lu\u1eadt c\u1ee7a ng\u01b0\u1eddi Do Th\u00e1i) [&hellip;]","og_url":"https:\/\/oukosher.org\/vn\/chung-nhan-kosher-la-gi\/","og_site_name":"OU Kosher VN","article_modified_time":"2023-06-14T18:01:46+00:00","twitter_card":"summary_large_image","twitter_misc":{"Est. reading time":"5 minutes"},"schema":{"@context":"https:\/\/schema.org","@graph":[{"@type":"WebPage","@id":"https:\/\/oukosher.org\/vn\/chung-nhan-kosher-la-gi\/","url":"https:\/\/oukosher.org\/vn\/chung-nhan-kosher-la-gi\/","name":"Ch\u1ee9ng nh\u1eadn Kosher l\u00e0 g\u00ec?\u00a0 - OU Kosher VN","isPartOf":{"@id":"https:\/\/oukosher.org\/vn\/#website"},"datePublished":"2023-06-14T18:01:14+00:00","dateModified":"2023-06-14T18:01:46+00:00","breadcrumb":{"@id":"https:\/\/oukosher.org\/vn\/chung-nhan-kosher-la-gi\/#breadcrumb"},"inLanguage":"vn","potentialAction":[{"@type":"ReadAction","target":["https:\/\/oukosher.org\/vn\/chung-nhan-kosher-la-gi\/"]}]},{"@type":"BreadcrumbList","@id":"https:\/\/oukosher.org\/vn\/chung-nhan-kosher-la-gi\/#breadcrumb","itemListElement":[{"@type":"ListItem","position":1,"name":"Home","item":"https:\/\/oukosher.org\/vn\/"},{"@type":"ListItem","position":2,"name":"Ch\u1ee9ng nh\u1eadn Kosher l\u00e0 g\u00ec?\u00a0"}]},{"@type":"WebSite","@id":"https:\/\/oukosher.org\/vn\/#website","url":"https:\/\/oukosher.org\/vn\/","name":"OU Kosher Vi\u1ec7t Nam","description":"","potentialAction":[{"@type":"SearchAction","target":{"@type":"EntryPoint","urlTemplate":"https:\/\/oukosher.org\/product-search\/#s={search_term_string}"},"query-input":"required name=search_term_string"}],"inLanguage":"vn"}]}},"_links":{"self":[{"href":"https:\/\/oukosher.org\/vn\/wp-json\/wp\/v2\/pages\/19","targetHints":{"allow":["GET"]}}],"collection":[{"href":"https:\/\/oukosher.org\/vn\/wp-json\/wp\/v2\/pages"}],"about":[{"href":"https:\/\/oukosher.org\/vn\/wp-json\/wp\/v2\/types\/page"}],"author":[{"embeddable":true,"href":"https:\/\/oukosher.org\/vn\/wp-json\/wp\/v2\/users\/2"}],"replies":[{"embeddable":true,"href":"https:\/\/oukosher.org\/vn\/wp-json\/wp\/v2\/comments?post=19"}],"version-history":[{"count":2,"href":"https:\/\/oukosher.org\/vn\/wp-json\/wp\/v2\/pages\/19\/revisions"}],"predecessor-version":[{"id":21,"href":"https:\/\/oukosher.org\/vn\/wp-json\/wp\/v2\/pages\/19\/revisions\/21"}],"wp:attachment":[{"href":"https:\/\/oukosher.org\/vn\/wp-json\/wp\/v2\/media?parent=19"}],"curies":[{"name":"wp","href":"https:\/\/api.w.org\/{rel}","templated":true}]}}