{"id":9,"date":"2024-04-18T18:34:12","date_gmt":"2024-04-18T18:34:12","guid":{"rendered":"https:\/\/oukosher.org\/tr\/?page_id=9"},"modified":"2024-04-18T18:34:47","modified_gmt":"2024-04-18T18:34:47","slug":"kosher-sertifikasi-nedir","status":"publish","type":"page","link":"https:\/\/oukosher.org\/tr\/kosher-sertifikasi-nedir\/","title":{"rendered":"Kosher Sertifikas\u0131 nedir?"},"content":{"rendered":"<p>kelimesi <strong>uygun veya kabul edilebilir anlam\u0131na gelir <\/strong>ve resmi olmayan bir \u015fekilde \u0130ngilizce diline bu anlamla girmi\u015ftir. Ancak ko\u015fer yasalar\u0131n\u0131n k\u00f6keni \u0130ncil&#8217;dedir ve Talmud&#8217;da (Yahudi yasalar\u0131 kitab\u0131) ve <strong>Yahudi geleneklerinin di\u011fer kurallar\u0131nda ayr\u0131nt\u0131l\u0131 olarak a\u00e7\u0131klanm\u0131\u015ft\u0131r <\/strong>. Bunlar y\u00fczy\u0131llar boyunca s\u00fcrekli de\u011fi\u015fen durumlara uygulanm\u0131\u015ft\u0131r ve hem eski hem de modern bu kurallar OU <a href=\"https:\/\/oukosher.org\/get-certified-application\/\">ko\u015fer sertifikas\u0131n\u0131 y\u00f6netmektedir <\/a>.<\/p>\n<p>Ka\u015fer i\u00e7in daha iyi bilinen gereksinimlerin baz\u0131lar\u0131na zaten a\u015fina olabilirsiniz, ancak ka\u015fer g\u0131da hakk\u0131nda ne kadar \u00e7ok \u015fey bilmedi\u011finize \u015fa\u015f\u0131rabilirsiniz.<\/p>\n<p><strong>Hangi Yiyecekler Ka\u015fer De\u011fildir?<\/strong><\/p>\n<p>Kutsal Kitap ko\u015fer olmayan g\u0131da maddelerinin temel kategorilerini listeler. Bunlara belirli hayvanlar, ku\u015flar ve bal\u0131klar (domuz eti ve tav\u015fan, kartal ve bayku\u015f, yay\u0131n bal\u0131\u011f\u0131 ve mersin bal\u0131\u011f\u0131 gibi), \u00e7o\u011fu b\u00f6cek ve herhangi bir kabuklu deniz hayvan\u0131 veya s\u00fcr\u00fcngen dahildir. Ayr\u0131ca ka\u015fer t\u00fcrdeki et ve ku\u015flar\u0131n belirli bir \u015fekilde kesilmesi, et ve s\u00fct \u00fcr\u00fcnlerinin birlikte \u00fcretilip yenmemesi gerekiyor. Just had some at success<\/p>\n<p><strong>Neden Ko\u015fer Denetimi?<\/strong><\/p>\n<p>Neden bu kadar \u00e7ok g\u0131da ko\u015fer denetimine ihtiya\u00e7 duyuyor? Yiyecekleri ko\u015fer olmayan yapan \u015fey nedir? T\u00fcm \u00fcr\u00fcnler Ka\u015fer Malzemelerden mi yap\u0131lm\u0131\u015ft\u0131r? \u00d6rne\u011fin tah\u0131llar ve patates cipsi etten, ku\u015flardan, bal\u0131ktan veya b\u00f6ceklerden yap\u0131lmad\u0131\u011f\u0131na g\u00f6re do\u011fas\u0131 gere\u011fi ko\u015fer de\u011fil mi?<\/p>\n<p>Cevap, bir yiyece\u011fin ko\u015fer olmas\u0131 i\u00e7in t\u00fcm malzemelerin de ka\u015fer olmas\u0131 gerekti\u011fidir. \u00d6rne\u011fin, bir tah\u0131l ka\u015fer olmayabilir, \u00e7\u00fcnk\u00fc i\u00e7inde ka\u015fer olmayan, hayvan bazl\u0131 bir gliserinle kaplanm\u0131\u015f kuru \u00fcz\u00fcmler bulunur. Frit\u00f6zde kullan\u0131lan bitkisel ya\u011f, donya\u011f\u0131 \u00fcretimi i\u00e7in kullan\u0131lan ekipmanlarda rafine edilmi\u015f ve kokusu giderilmi\u015fse, patates cipsi ko\u015fer olmayabilir. Asl\u0131nda ka\u015fer olmayan \u00fcr\u00fcnlerin s\u0131cak \u00fcretimi i\u00e7in kullan\u0131lan ekipmanlar, ka\u015ferle\u015ftirme (s\u0131cak temizleme prosed\u00fcr\u00fc)<br \/>\nolmadan ka\u015fer \u00fcretimi i\u00e7in kullan\u0131lamaz . <a href=\"https:\/\/oukosher.org\/get-certified-application\/\">Ko\u015fer Sertifikasyonu i\u00e7in ba\u015fvurun<\/a><\/p>\n<p><strong>Kosher Sertifikas\u0131 Ne Demektir?<\/strong><\/p>\n<p>Ko\u015fer Sertifikasyonu, t\u00fcm bile\u015fenlerin, t\u00fcrevlerin, aletlerin ve makinelerin ko\u015fer olmayan maddelerden eser kalmad\u0131\u011f\u0131ndan emin olmak i\u00e7in \u00fcr\u00fcn\u00fcn i\u00e7eri\u011fini, \u00fcretim tesisini ve fiili \u00fcretimi kontrol ettiklerini do\u011frulayan bir haham Ajans\u0131 taraf\u0131ndan verilen ka\u015fer onay\u0131n\u0131n damgas\u0131d\u0131r. Kosher <a href=\"https:\/\/oukosher.org\/blog\/industrial-kosher\/all-ou-symbols-explained\/\">Sertifikal\u0131 sembol\u00fc, <\/a>t\u00fcketicilere hem as\u0131l \u00fcr\u00fcn\u00fcn hem de \u00fcretiminin t\u00fcm Kosher gereksinimlerine uygun oldu\u011funu garanti eder.<\/p>\n<p>OU Kosher sertifikas\u0131n\u0131 almak <a href=\"https:\/\/oukosher.org\/get-certified-application\/\">Kosher Sertifikasyon Ba\u015fvurusu ile ba\u015flar <\/a>.<\/p>\n<p><strong>Rabbinik Koordinat\u00f6r\u00fc (Hesap Y\u00f6neticisi)<\/strong><\/p>\n<p>Ba\u015fvurunuzu ele almak \u00fczere bir Rabbinic koordinat\u00f6r\u00fc (hesap y\u00f6neticisi) atanacakt\u0131r. Bu RC, kurulu\u015f biriminde atanm\u0131\u015f sorumlu ki\u015finiz olacak ve sorular\u0131n\u0131z\u0131 yan\u0131tlamak, ihtiya\u00e7lar\u0131n\u0131z\u0131 kar\u015f\u0131lamak ve sertifikasyon s\u00fcreci boyunca size rehberlik etmek i\u00e7in haz\u0131r olacakt\u0131r.<\/p>\n<p>Kosher hakk\u0131nda daha fazla bilgi edinmek ister misiniz? <a href=\"https:\/\/oukosher.org\/the-kosher-primer\/\">Kosher&#8217;in tam olarak ne anlama geldi\u011fini <\/a>Kosher Primer b\u00f6l\u00fcm\u00fcm\u00fczde \u00f6\u011frenin .<\/p>\n","protected":false},"excerpt":{"rendered":"<p>kelimesi uygun veya kabul edilebilir anlam\u0131na gelir ve resmi olmayan bir \u015fekilde \u0130ngilizce diline bu anlamla girmi\u015ftir. Ancak ko\u015fer yasalar\u0131n\u0131n k\u00f6keni \u0130ncil&#8217;dedir ve Talmud&#8217;da (Yahudi yasalar\u0131 kitab\u0131) ve Yahudi geleneklerinin di\u011fer kurallar\u0131nda ayr\u0131nt\u0131l\u0131 olarak a\u00e7\u0131klanm\u0131\u015ft\u0131r . Bunlar y\u00fczy\u0131llar boyunca s\u00fcrekli de\u011fi\u015fen durumlara uygulanm\u0131\u015ft\u0131r ve hem eski hem de modern bu kurallar OU ko\u015fer sertifikas\u0131n\u0131 y\u00f6netmektedir [&hellip;]<\/p>\n","protected":false},"author":2,"featured_media":0,"parent":0,"menu_order":0,"comment_status":"closed","ping_status":"closed","template":"","meta":{"_acf_changed":false,"ep_exclude_from_search":false,"footnotes":""},"class_list":["post-9","page","type-page","status-publish","hentry"],"acf":[],"yoast_head":"<!-- This site is optimized with the Yoast SEO plugin v21.9.1 - https:\/\/yoast.com\/wordpress\/plugins\/seo\/ -->\n<title>Kosher Sertifikas\u0131 nedir? - OU Kosher TR<\/title>\n<meta name=\"robots\" content=\"index, follow, max-snippet:-1, max-image-preview:large, max-video-preview:-1\" \/>\n<link rel=\"canonical\" href=\"https:\/\/oukosher.org\/tr\/kosher-sertifikasi-nedir\/\" \/>\n<meta property=\"og:locale\" content=\"tr_TR\" \/>\n<meta property=\"og:type\" content=\"article\" \/>\n<meta property=\"og:title\" content=\"Kosher Sertifikas\u0131 nedir? - OU Kosher TR\" \/>\n<meta property=\"og:description\" content=\"kelimesi uygun veya kabul edilebilir anlam\u0131na gelir ve resmi olmayan bir \u015fekilde \u0130ngilizce diline bu anlamla girmi\u015ftir. Ancak ko\u015fer yasalar\u0131n\u0131n k\u00f6keni \u0130ncil&#8217;dedir ve Talmud&#8217;da (Yahudi yasalar\u0131 kitab\u0131) ve Yahudi geleneklerinin di\u011fer kurallar\u0131nda ayr\u0131nt\u0131l\u0131 olarak a\u00e7\u0131klanm\u0131\u015ft\u0131r . Bunlar y\u00fczy\u0131llar boyunca s\u00fcrekli de\u011fi\u015fen durumlara uygulanm\u0131\u015ft\u0131r ve hem eski hem de modern bu kurallar OU ko\u015fer sertifikas\u0131n\u0131 y\u00f6netmektedir [&hellip;]\" \/>\n<meta property=\"og:url\" content=\"https:\/\/oukosher.org\/tr\/kosher-sertifikasi-nedir\/\" \/>\n<meta property=\"og:site_name\" content=\"OU Kosher TR\" \/>\n<meta property=\"article:modified_time\" content=\"2024-04-18T18:34:47+00:00\" \/>\n<meta name=\"twitter:card\" content=\"summary_large_image\" \/>\n<meta name=\"twitter:label1\" content=\"Est. reading time\" \/>\n\t<meta name=\"twitter:data1\" content=\"3 minutes\" \/>\n<script type=\"application\/ld+json\" class=\"yoast-schema-graph\">{\"@context\":\"https:\/\/schema.org\",\"@graph\":[{\"@type\":\"WebPage\",\"@id\":\"https:\/\/oukosher.org\/tr\/kosher-sertifikasi-nedir\/\",\"url\":\"https:\/\/oukosher.org\/tr\/kosher-sertifikasi-nedir\/\",\"name\":\"Kosher Sertifikas\u0131 nedir? - OU Kosher TR\",\"isPartOf\":{\"@id\":\"https:\/\/oukosher.org\/tr\/#website\"},\"datePublished\":\"2024-04-18T18:34:12+00:00\",\"dateModified\":\"2024-04-18T18:34:47+00:00\",\"breadcrumb\":{\"@id\":\"https:\/\/oukosher.org\/tr\/kosher-sertifikasi-nedir\/#breadcrumb\"},\"inLanguage\":\"tr\",\"potentialAction\":[{\"@type\":\"ReadAction\",\"target\":[\"https:\/\/oukosher.org\/tr\/kosher-sertifikasi-nedir\/\"]}]},{\"@type\":\"BreadcrumbList\",\"@id\":\"https:\/\/oukosher.org\/tr\/kosher-sertifikasi-nedir\/#breadcrumb\",\"itemListElement\":[{\"@type\":\"ListItem\",\"position\":1,\"name\":\"Home\",\"item\":\"https:\/\/oukosher.org\/tr\/\"},{\"@type\":\"ListItem\",\"position\":2,\"name\":\"Kosher Sertifikas\u0131 nedir?\"}]},{\"@type\":\"WebSite\",\"@id\":\"https:\/\/oukosher.org\/tr\/#website\",\"url\":\"https:\/\/oukosher.org\/tr\/\",\"name\":\"OU Kosher TR\",\"description\":\"\",\"potentialAction\":[{\"@type\":\"SearchAction\",\"target\":{\"@type\":\"EntryPoint\",\"urlTemplate\":\"https:\/\/oukosher.org\/product-search\/#s={search_term_string}\"},\"query-input\":\"required name=search_term_string\"}],\"inLanguage\":\"tr\"}]}<\/script>\n<!-- \/ Yoast SEO plugin. -->","yoast_head_json":{"title":"Kosher Sertifikas\u0131 nedir? - OU Kosher TR","robots":{"index":"index","follow":"follow","max-snippet":"max-snippet:-1","max-image-preview":"max-image-preview:large","max-video-preview":"max-video-preview:-1"},"canonical":"https:\/\/oukosher.org\/tr\/kosher-sertifikasi-nedir\/","og_locale":"tr_TR","og_type":"article","og_title":"Kosher Sertifikas\u0131 nedir? - OU Kosher TR","og_description":"kelimesi uygun veya kabul edilebilir anlam\u0131na gelir ve resmi olmayan bir \u015fekilde \u0130ngilizce diline bu anlamla girmi\u015ftir. Ancak ko\u015fer yasalar\u0131n\u0131n k\u00f6keni \u0130ncil&#8217;dedir ve Talmud&#8217;da (Yahudi yasalar\u0131 kitab\u0131) ve Yahudi geleneklerinin di\u011fer kurallar\u0131nda ayr\u0131nt\u0131l\u0131 olarak a\u00e7\u0131klanm\u0131\u015ft\u0131r . Bunlar y\u00fczy\u0131llar boyunca s\u00fcrekli de\u011fi\u015fen durumlara uygulanm\u0131\u015ft\u0131r ve hem eski hem de modern bu kurallar OU ko\u015fer sertifikas\u0131n\u0131 y\u00f6netmektedir [&hellip;]","og_url":"https:\/\/oukosher.org\/tr\/kosher-sertifikasi-nedir\/","og_site_name":"OU Kosher TR","article_modified_time":"2024-04-18T18:34:47+00:00","twitter_card":"summary_large_image","twitter_misc":{"Est. reading time":"3 minutes"},"schema":{"@context":"https:\/\/schema.org","@graph":[{"@type":"WebPage","@id":"https:\/\/oukosher.org\/tr\/kosher-sertifikasi-nedir\/","url":"https:\/\/oukosher.org\/tr\/kosher-sertifikasi-nedir\/","name":"Kosher Sertifikas\u0131 nedir? - OU Kosher TR","isPartOf":{"@id":"https:\/\/oukosher.org\/tr\/#website"},"datePublished":"2024-04-18T18:34:12+00:00","dateModified":"2024-04-18T18:34:47+00:00","breadcrumb":{"@id":"https:\/\/oukosher.org\/tr\/kosher-sertifikasi-nedir\/#breadcrumb"},"inLanguage":"tr","potentialAction":[{"@type":"ReadAction","target":["https:\/\/oukosher.org\/tr\/kosher-sertifikasi-nedir\/"]}]},{"@type":"BreadcrumbList","@id":"https:\/\/oukosher.org\/tr\/kosher-sertifikasi-nedir\/#breadcrumb","itemListElement":[{"@type":"ListItem","position":1,"name":"Home","item":"https:\/\/oukosher.org\/tr\/"},{"@type":"ListItem","position":2,"name":"Kosher Sertifikas\u0131 nedir?"}]},{"@type":"WebSite","@id":"https:\/\/oukosher.org\/tr\/#website","url":"https:\/\/oukosher.org\/tr\/","name":"OU Kosher TR","description":"","potentialAction":[{"@type":"SearchAction","target":{"@type":"EntryPoint","urlTemplate":"https:\/\/oukosher.org\/product-search\/#s={search_term_string}"},"query-input":"required name=search_term_string"}],"inLanguage":"tr"}]}},"_links":{"self":[{"href":"https:\/\/oukosher.org\/tr\/wp-json\/wp\/v2\/pages\/9","targetHints":{"allow":["GET"]}}],"collection":[{"href":"https:\/\/oukosher.org\/tr\/wp-json\/wp\/v2\/pages"}],"about":[{"href":"https:\/\/oukosher.org\/tr\/wp-json\/wp\/v2\/types\/page"}],"author":[{"embeddable":true,"href":"https:\/\/oukosher.org\/tr\/wp-json\/wp\/v2\/users\/2"}],"replies":[{"embeddable":true,"href":"https:\/\/oukosher.org\/tr\/wp-json\/wp\/v2\/comments?post=9"}],"version-history":[{"count":2,"href":"https:\/\/oukosher.org\/tr\/wp-json\/wp\/v2\/pages\/9\/revisions"}],"predecessor-version":[{"id":19,"href":"https:\/\/oukosher.org\/tr\/wp-json\/wp\/v2\/pages\/9\/revisions\/19"}],"wp:attachment":[{"href":"https:\/\/oukosher.org\/tr\/wp-json\/wp\/v2\/media?parent=9"}],"curies":[{"name":"wp","href":"https:\/\/api.w.org\/{rel}","templated":true}]}}