{"id":11,"date":"2024-04-18T18:35:51","date_gmt":"2024-04-18T18:35:51","guid":{"rendered":"https:\/\/oukosher.org\/tr\/?page_id=11"},"modified":"2024-04-25T22:17:51","modified_gmt":"2024-04-25T22:17:51","slug":"neden-koser-sertifikasi-almalisiniz","status":"publish","type":"page","link":"https:\/\/oukosher.org\/tr\/neden-koser-sertifikasi-almalisiniz\/","title":{"rendered":"Neden Kos\u0327er Sertifikas\u0131 Almal\u0131s\u0131n\u0131z?"},"content":{"rendered":"<p>Kuzey Amerikal\u0131lar\u0131n \u00e7o\u011fu , fark\u0131nda olmadan her g\u00fcn biraz <a href=\"https:\/\/oukosher.org\/the-kosher-primer\/\"><strong>ko\u015fer yemek yiyor. Kuzey Amerika&#8217;daki herhangi bir s\u00fcpermarketin koridorunda bir y\u00fcr\u00fcy\u00fc\u015fe \u00e7\u0131kt\u0131\u011f\u0131n\u0131zda <\/strong><\/a>, \u00e7ok pop\u00fcler Oreo&#8217;dan d\u00fcnyan\u0131n en iyi soda markalar\u0131na kadar ko\u015fer sertifikal\u0131 g\u0131dalar\u0131n <strong>neredeyse %70&#8217;inde <\/strong>OU ko\u015fer sembol\u00fcn\u00fc g\u00f6receksiniz . Y\u0131lda 150 milyar dolar\u0131n \u00fczerinde ko\u015fer sertifikal\u0131 \u00fcr\u00fcn t\u00fcketiliyor ve bu miktar \u00f6nemli \u00f6l\u00e7\u00fcde artmaya devam ediyor.<\/p>\n<p>Amerikal\u0131lar\u0131n \u00e7o\u011fu her g\u00fcn biraz <a href=\"https:\/\/oukosher.org\/the-kosher-primer\/\"><strong>ko\u015fer yemek yiyor <\/strong><\/a>, ancak muhtemelen bunun fark\u0131nda de\u011filler. Herhangi bir s\u00fcpermarketin koridorunda bir y\u00fcr\u00fcy\u00fc\u015fe \u00e7\u0131kt\u0131\u011f\u0131n\u0131zda, OU ko\u015fer sembol\u00fcn\u00fcn , imrenilen Oreo&#8217;dan d\u00fcnyan\u0131n en iyi soda markalar\u0131na kadar <strong>Amerika&#8217;n\u0131n ko\u015fer sertifikal\u0131 g\u0131dalar\u0131n\u0131n %70&#8217;e yak\u0131n\u0131nda <\/strong>g\u00f6r\u00fcnd\u00fc\u011f\u00fcn\u00fc g\u00f6receksiniz. Y\u0131lda 150 milyar dolar\u0131n \u00fczerinde ko\u015fer sertifikal\u0131 \u00fcr\u00fcn t\u00fcketiliyor ve harcamalar \u00f6nemli \u00f6l\u00e7\u00fcde artmaya devam ediyor.<\/p>\n<h2>Neden OU Kosher Sertifikasyonunu Se\u00e7melisiniz?<\/h2>\n<ol>\n<li>OU , d\u00fcnya \u00e7ap\u0131nda 105 \u00fclkede bulunan 13.000&#8217;den fazla tesiste \u00fcretilen 1.200.000&#8217;den fazla \u00fcr\u00fcn\u00fc sertifikaland\u0131ran, d\u00fcnyan\u0131n en b\u00fcy\u00fck ve en \u00e7ok tan\u0131nan uluslararas\u0131 <a href=\"https:\/\/oukosher.org\/\">ka\u015fer sertifikasyon kurulu\u015fudur .<\/a><\/li>\n<li>OU sembol\u00fc d\u00fcnyan\u0131n en iyi bilinen ticari markalar\u0131ndan biridir.<\/li>\n<li>Y\u00fcksek kaliteli g\u0131da standard\u0131 g\u00fcvencesi.<\/li>\n<li>Ka\u015fer sertifikasyonunun en y\u00fcksek standartlar\u0131.<\/li>\n<li>OU <a href=\"https:\/\/oukosher.org\/blog\/industrial-kosher\/all-ou-symbols-explained\/\">Kosher sembolleri <\/a>diyet k\u0131s\u0131tlamalar\u0131n\u0131 belirtir.<\/li>\n<li>OU Kosher, rekabet\u00e7i Kosher Sertifikasyon maliyetleri sunar.<\/li>\n<li>Sertifikasyon s\u00fcreci boyunca ad\u0131m ad\u0131m rehberlik.<\/li>\n<\/ol>\n<p><a href=\"https:\/\/oukosher.org\/get-certified-application\/\">Ko\u015fer Sertifikasyonu i\u00e7in ba\u015fvurun<\/a><\/p>\n<h2>Ko\u015fer Logosu<\/h2>\n<p>Logo, pazar\u0131n boyutunu geni\u015fleterek ek gelir sa\u011flayan, \u00f6nemi giderek artan bir pazarlama arac\u0131 haline geldi. Sertifikasyon, bir \u00fcr\u00fcne daha h\u0131zl\u0131 sat\u0131lmas\u0131n\u0131 sa\u011flayan bir rekabet avantaj\u0131 sa\u011flar ve b\u00f6ylece s\u00fcpermarketlerin sertifikal\u0131 markalar\u0131 tercih etmesine neden olur. Bu ayn\u0131 zamanda sertifikasyon gibi <a href=\"https:\/\/oukosher.org\/get-certified-application\/\">ko\u015fer bir logonun <\/a>bir \u015firketin \u00f6zel markal\u0131 i\u015finde art\u0131\u015fa yol a\u00e7abilece\u011fi anlam\u0131na da gelir.<\/p>\n<h2>Kosher Sertifikasyonunun Avantajlar\u0131<\/h2>\n<p>Ka\u015fer sembol\u00fcn\u00fcn pazar pay\u0131n\u0131 art\u0131rd\u0131\u011f\u0131na, ko\u015fer bir \u00fcr\u00fcn\u00fcn daha avantajl\u0131 raf alan\u0131 kazanabilece\u011fine ve ko\u015fer olmayan rakip bir markan\u0131n yan\u0131na yerle\u015ftirildi\u011finde ko\u015fer bir \u00fcr\u00fcn\u00fcn %20 oran\u0131nda daha iyi performans g\u00f6sterece\u011fine dair a\u00e7\u0131k kan\u0131tlar bulunmaktad\u0131r. Bu veriler, ko\u015fer Yahudilerin yo\u011fun olarak bulundu\u011fu \u015fehirden uzaktaki k\u00fc\u00e7\u00fck \u015fehirlerde bile sabit kald\u0131. (Kaynak: Integrated Marketing Communications.) <a href=\"https:\/\/oukosher.org\/kosher-overview\/growth-of-kosher-certification\/\"><strong>Kosher sertifikal\u0131 \u00fcr\u00fcnlere olan talepteki <\/strong><\/a>b\u00fcy\u00fck art\u0131\u015f , Kosher olman\u0131n getirdi\u011fi G\u00fcvenlik ve Kaliteden kaynaklanmaktad\u0131r. Ko\u015fer y\u00fcksek standart, beslenme k\u0131s\u0131tlamalar\u0131na ve yasalara uyman\u0131n yan\u0131 s\u0131ra \u015feffafl\u0131k ve etiketleme talep etti\u011finden t\u00fcketiciler ko\u015fer sembol\u00fcne g\u00fcvenir ve ko\u015fer \u00fcr\u00fcn\u00fcn\u00fc takdir eder.<\/p>\n<p><a href=\"https:\/\/oukosher.org\/get-certified-application\/\"><strong>Ka\u015fer sertifikas\u0131 almak, <\/strong><\/a>\u015firketinizin pazar eri\u015fimini ve pay\u0131n\u0131 art\u0131rmak i\u00e7in yapt\u0131\u011f\u0131 bir yat\u0131r\u0131md\u0131r. Hedeflerinize ula\u015fman\u0131z i\u00e7in elimizden gelen her t\u00fcrl\u00fc deste\u011fi vermeye haz\u0131r\u0131z.<\/p>\n<p>\u0130ster perakende ister end\u00fcstriyel olsun, t\u00fcm sertifikal\u0131 \u00fcr\u00fcnlerinizin, logonun etiket veya ambalaj \u00fczerinde ve reklamlar\u0131n\u0131zda belirgin bir \u015fekilde yer ald\u0131\u011f\u0131ndan emin olun. Bu sadece sat\u0131\u015flar\u0131n\u0131z\u0131 art\u0131rmakla kalmayacak, ayn\u0131 zamanda g\u0131da end\u00fcstrisindeki ki\u015filer, ko\u015fer denet\u00e7ileri ve d\u00fcnya \u00e7ap\u0131ndaki m\u00fc\u015fteriler de dahil olmak \u00fczere herkesin \u00fcr\u00fcnlerinizi ko\u015fer olarak tan\u0131mas\u0131n\u0131 kolayla\u015ft\u0131racakt\u0131r.<\/p>\n<p><a href=\"https:\/\/oukosher.org\/get-certified-application\/\"><strong>Kosher Sertifikasyonunun Temellerini G\u00f6r\u00fcnt\u00fcleyin<\/strong><\/a><\/p>\n<p><a href=\"https:\/\/oukosher.org\/get-certified-application\/#apply-form\">Veya sertifika alma hakk\u0131nda daha fazla bilgi i\u00e7in <\/a><a href=\"https:\/\/oukosher.org\/get-certified-application\/#apply-form\">.<\/a><\/p>\n<h2>Neden OU Kosher Sertifikasyonunu Se\u00e7melisiniz?<\/h2>\n<ol>\n<li>, d\u00fcnya \u00e7ap\u0131nda 105 \u00fclkede bulunan 13.000&#8217;den fazla tesiste \u00fcretilen 1.000.000&#8217;den fazla \u00fcr\u00fcn\u00fc sertifikaland\u0131ran, d\u00fcnyan\u0131n en b\u00fcy\u00fck ve en \u00e7ok tan\u0131nan uluslararas\u0131 <a href=\"https:\/\/oukosher.org\/\">ka\u015fer sertifikasyon kurulu\u015fudur .<\/a><\/li>\n<li>OU sembol\u00fc d\u00fcnyan\u0131n en iyi bilinen ticari markalar\u0131ndan biridir.<\/li>\n<li>Y\u00fcksek kaliteli g\u0131da standard\u0131 g\u00fcvencesi.<\/li>\n<li>Ka\u015fer sertifikasyonunun en y\u00fcksek standartlar\u0131.<\/li>\n<li>OU <a href=\"https:\/\/oukosher.org\/blog\/industrial-kosher\/all-ou-symbols-explained\/\">Kosher sembolleri <\/a>diyet k\u0131s\u0131tlamalar\u0131n\u0131 belirtir.<\/li>\n<li>OU Kosher, rekabet\u00e7i Kosher Sertifikasyon maliyetleri sunar.<\/li>\n<li>Sertifikasyon s\u00fcreci boyunca ad\u0131m ad\u0131m rehberlik.<\/li>\n<\/ol>\n<p><a href=\"https:\/\/oukosher.org\/get-certified-application\/\">Ko\u015fer Sertifikasyonu i\u00e7in ba\u015fvurun<\/a><\/p>\n<h2>Ko\u015fer Logosu<\/h2>\n<p>Logo , pazar\u0131n boyutunu geni\u015fleterek ek gelir sa\u011flayan, \u00f6nemi giderek artan bir pazarlama arac\u0131 haline geldi. Sertifikasyon, bir \u00fcr\u00fcne daha h\u0131zl\u0131 sat\u0131lmas\u0131n\u0131 sa\u011flayan bir rekabet avantaj\u0131 sa\u011flar ve b\u00f6ylece s\u00fcpermarketlerin sertifikal\u0131 markalar\u0131 tercih etmesine neden olur. Bu ayn\u0131 zamanda sertifikasyon gibi <a href=\"https:\/\/oukosher.org\/get-certified-application\/\">ko\u015fer bir logonun <\/a>bir \u015firketin \u00f6zel markal\u0131 i\u015finde art\u0131\u015fa yol a\u00e7abilece\u011fi anlam\u0131na da gelir .<\/p>\n","protected":false},"excerpt":{"rendered":"<p>Kuzey Amerikal\u0131lar\u0131n \u00e7o\u011fu , fark\u0131nda olmadan her g\u00fcn biraz ko\u015fer yemek yiyor. Kuzey Amerika&#8217;daki herhangi bir s\u00fcpermarketin koridorunda bir y\u00fcr\u00fcy\u00fc\u015fe \u00e7\u0131kt\u0131\u011f\u0131n\u0131zda , \u00e7ok pop\u00fcler Oreo&#8217;dan d\u00fcnyan\u0131n en iyi soda markalar\u0131na kadar ko\u015fer sertifikal\u0131 g\u0131dalar\u0131n neredeyse %70&#8217;inde OU ko\u015fer sembol\u00fcn\u00fc g\u00f6receksiniz . Y\u0131lda 150 milyar dolar\u0131n \u00fczerinde ko\u015fer sertifikal\u0131 \u00fcr\u00fcn t\u00fcketiliyor ve bu miktar \u00f6nemli \u00f6l\u00e7\u00fcde [&hellip;]<\/p>\n","protected":false},"author":2,"featured_media":0,"parent":0,"menu_order":0,"comment_status":"closed","ping_status":"closed","template":"","meta":{"_acf_changed":false,"ep_exclude_from_search":false,"footnotes":""},"class_list":["post-11","page","type-page","status-publish","hentry"],"acf":[],"yoast_head":"<!-- This site is optimized with the Yoast SEO plugin v21.9.1 - https:\/\/yoast.com\/wordpress\/plugins\/seo\/ -->\n<title>Neden Kos\u0327er Sertifikas\u0131 Almal\u0131s\u0131n\u0131z? - OU Kosher TR<\/title>\n<meta name=\"robots\" content=\"index, follow, max-snippet:-1, max-image-preview:large, max-video-preview:-1\" \/>\n<link rel=\"canonical\" href=\"https:\/\/oukosher.org\/tr\/neden-koser-sertifikasi-almalisiniz\/\" \/>\n<meta property=\"og:locale\" content=\"tr_TR\" \/>\n<meta property=\"og:type\" content=\"article\" \/>\n<meta property=\"og:title\" content=\"Neden Kos\u0327er Sertifikas\u0131 Almal\u0131s\u0131n\u0131z? - OU Kosher TR\" \/>\n<meta property=\"og:description\" content=\"Kuzey Amerikal\u0131lar\u0131n \u00e7o\u011fu , fark\u0131nda olmadan her g\u00fcn biraz ko\u015fer yemek yiyor. Kuzey Amerika&#8217;daki herhangi bir s\u00fcpermarketin koridorunda bir y\u00fcr\u00fcy\u00fc\u015fe \u00e7\u0131kt\u0131\u011f\u0131n\u0131zda , \u00e7ok pop\u00fcler Oreo&#8217;dan d\u00fcnyan\u0131n en iyi soda markalar\u0131na kadar ko\u015fer sertifikal\u0131 g\u0131dalar\u0131n neredeyse %70&#8217;inde OU ko\u015fer sembol\u00fcn\u00fc g\u00f6receksiniz . Y\u0131lda 150 milyar dolar\u0131n \u00fczerinde ko\u015fer sertifikal\u0131 \u00fcr\u00fcn t\u00fcketiliyor ve bu miktar \u00f6nemli \u00f6l\u00e7\u00fcde [&hellip;]\" \/>\n<meta property=\"og:url\" content=\"https:\/\/oukosher.org\/tr\/neden-koser-sertifikasi-almalisiniz\/\" \/>\n<meta property=\"og:site_name\" content=\"OU Kosher TR\" \/>\n<meta property=\"article:modified_time\" content=\"2024-04-25T22:17:51+00:00\" \/>\n<meta name=\"twitter:card\" content=\"summary_large_image\" \/>\n<meta name=\"twitter:label1\" content=\"Est. reading time\" \/>\n\t<meta name=\"twitter:data1\" content=\"4 minutes\" \/>\n<script type=\"application\/ld+json\" class=\"yoast-schema-graph\">{\"@context\":\"https:\/\/schema.org\",\"@graph\":[{\"@type\":\"WebPage\",\"@id\":\"https:\/\/oukosher.org\/tr\/neden-koser-sertifikasi-almalisiniz\/\",\"url\":\"https:\/\/oukosher.org\/tr\/neden-koser-sertifikasi-almalisiniz\/\",\"name\":\"Neden Kos\u0327er Sertifikas\u0131 Almal\u0131s\u0131n\u0131z? - OU Kosher TR\",\"isPartOf\":{\"@id\":\"https:\/\/oukosher.org\/tr\/#website\"},\"datePublished\":\"2024-04-18T18:35:51+00:00\",\"dateModified\":\"2024-04-25T22:17:51+00:00\",\"breadcrumb\":{\"@id\":\"https:\/\/oukosher.org\/tr\/neden-koser-sertifikasi-almalisiniz\/#breadcrumb\"},\"inLanguage\":\"tr\",\"potentialAction\":[{\"@type\":\"ReadAction\",\"target\":[\"https:\/\/oukosher.org\/tr\/neden-koser-sertifikasi-almalisiniz\/\"]}]},{\"@type\":\"BreadcrumbList\",\"@id\":\"https:\/\/oukosher.org\/tr\/neden-koser-sertifikasi-almalisiniz\/#breadcrumb\",\"itemListElement\":[{\"@type\":\"ListItem\",\"position\":1,\"name\":\"Home\",\"item\":\"https:\/\/oukosher.org\/tr\/\"},{\"@type\":\"ListItem\",\"position\":2,\"name\":\"Neden Kos\u0327er Sertifikas\u0131 Almal\u0131s\u0131n\u0131z?\"}]},{\"@type\":\"WebSite\",\"@id\":\"https:\/\/oukosher.org\/tr\/#website\",\"url\":\"https:\/\/oukosher.org\/tr\/\",\"name\":\"OU Kosher TR\",\"description\":\"\",\"potentialAction\":[{\"@type\":\"SearchAction\",\"target\":{\"@type\":\"EntryPoint\",\"urlTemplate\":\"https:\/\/oukosher.org\/product-search\/#s={search_term_string}\"},\"query-input\":\"required name=search_term_string\"}],\"inLanguage\":\"tr\"}]}<\/script>\n<!-- \/ Yoast SEO plugin. -->","yoast_head_json":{"title":"Neden Kos\u0327er Sertifikas\u0131 Almal\u0131s\u0131n\u0131z? - OU Kosher TR","robots":{"index":"index","follow":"follow","max-snippet":"max-snippet:-1","max-image-preview":"max-image-preview:large","max-video-preview":"max-video-preview:-1"},"canonical":"https:\/\/oukosher.org\/tr\/neden-koser-sertifikasi-almalisiniz\/","og_locale":"tr_TR","og_type":"article","og_title":"Neden Kos\u0327er Sertifikas\u0131 Almal\u0131s\u0131n\u0131z? - OU Kosher TR","og_description":"Kuzey Amerikal\u0131lar\u0131n \u00e7o\u011fu , fark\u0131nda olmadan her g\u00fcn biraz ko\u015fer yemek yiyor. Kuzey Amerika&#8217;daki herhangi bir s\u00fcpermarketin koridorunda bir y\u00fcr\u00fcy\u00fc\u015fe \u00e7\u0131kt\u0131\u011f\u0131n\u0131zda , \u00e7ok pop\u00fcler Oreo&#8217;dan d\u00fcnyan\u0131n en iyi soda markalar\u0131na kadar ko\u015fer sertifikal\u0131 g\u0131dalar\u0131n neredeyse %70&#8217;inde OU ko\u015fer sembol\u00fcn\u00fc g\u00f6receksiniz . Y\u0131lda 150 milyar dolar\u0131n \u00fczerinde ko\u015fer sertifikal\u0131 \u00fcr\u00fcn t\u00fcketiliyor ve bu miktar \u00f6nemli \u00f6l\u00e7\u00fcde [&hellip;]","og_url":"https:\/\/oukosher.org\/tr\/neden-koser-sertifikasi-almalisiniz\/","og_site_name":"OU Kosher TR","article_modified_time":"2024-04-25T22:17:51+00:00","twitter_card":"summary_large_image","twitter_misc":{"Est. reading time":"4 minutes"},"schema":{"@context":"https:\/\/schema.org","@graph":[{"@type":"WebPage","@id":"https:\/\/oukosher.org\/tr\/neden-koser-sertifikasi-almalisiniz\/","url":"https:\/\/oukosher.org\/tr\/neden-koser-sertifikasi-almalisiniz\/","name":"Neden Kos\u0327er Sertifikas\u0131 Almal\u0131s\u0131n\u0131z? - OU Kosher TR","isPartOf":{"@id":"https:\/\/oukosher.org\/tr\/#website"},"datePublished":"2024-04-18T18:35:51+00:00","dateModified":"2024-04-25T22:17:51+00:00","breadcrumb":{"@id":"https:\/\/oukosher.org\/tr\/neden-koser-sertifikasi-almalisiniz\/#breadcrumb"},"inLanguage":"tr","potentialAction":[{"@type":"ReadAction","target":["https:\/\/oukosher.org\/tr\/neden-koser-sertifikasi-almalisiniz\/"]}]},{"@type":"BreadcrumbList","@id":"https:\/\/oukosher.org\/tr\/neden-koser-sertifikasi-almalisiniz\/#breadcrumb","itemListElement":[{"@type":"ListItem","position":1,"name":"Home","item":"https:\/\/oukosher.org\/tr\/"},{"@type":"ListItem","position":2,"name":"Neden Kos\u0327er Sertifikas\u0131 Almal\u0131s\u0131n\u0131z?"}]},{"@type":"WebSite","@id":"https:\/\/oukosher.org\/tr\/#website","url":"https:\/\/oukosher.org\/tr\/","name":"OU Kosher TR","description":"","potentialAction":[{"@type":"SearchAction","target":{"@type":"EntryPoint","urlTemplate":"https:\/\/oukosher.org\/product-search\/#s={search_term_string}"},"query-input":"required name=search_term_string"}],"inLanguage":"tr"}]}},"_links":{"self":[{"href":"https:\/\/oukosher.org\/tr\/wp-json\/wp\/v2\/pages\/11","targetHints":{"allow":["GET"]}}],"collection":[{"href":"https:\/\/oukosher.org\/tr\/wp-json\/wp\/v2\/pages"}],"about":[{"href":"https:\/\/oukosher.org\/tr\/wp-json\/wp\/v2\/types\/page"}],"author":[{"embeddable":true,"href":"https:\/\/oukosher.org\/tr\/wp-json\/wp\/v2\/users\/2"}],"replies":[{"embeddable":true,"href":"https:\/\/oukosher.org\/tr\/wp-json\/wp\/v2\/comments?post=11"}],"version-history":[{"count":3,"href":"https:\/\/oukosher.org\/tr\/wp-json\/wp\/v2\/pages\/11\/revisions"}],"predecessor-version":[{"id":47,"href":"https:\/\/oukosher.org\/tr\/wp-json\/wp\/v2\/pages\/11\/revisions\/47"}],"wp:attachment":[{"href":"https:\/\/oukosher.org\/tr\/wp-json\/wp\/v2\/media?parent=11"}],"curies":[{"name":"wp","href":"https:\/\/api.w.org\/{rel}","templated":true}]}}