{"id":33,"date":"2025-04-07T21:23:29","date_gmt":"2025-04-07T21:23:29","guid":{"rendered":"https:\/\/oukosher.org\/it\/?page_id=33"},"modified":"2025-04-07T21:23:29","modified_gmt":"2025-04-07T21:23:29","slug":"simboli-kosher-ou-spiegati","status":"publish","type":"page","link":"https:\/\/oukosher.org\/it\/simboli-kosher-ou-spiegati\/","title":{"rendered":"Simboli Kosher OU Spiegati\u00a0\u00a0\u00a0\u00a0\u00a0\u00a0\u00a0"},"content":{"rendered":"<h2><strong>Cosa significano i diversi simboli della certificazione Kosher OU?<\/strong><\/h2>\n<p><strong>Il simbolo &#8216;OU&#8217; indica:<\/strong><\/p>\n<ul>\n<li>Il prodotto \u00e8 <a href=\"https:\/\/oukosher.org\/the-kosher-primer\/\">Kosher <\/a>(ma non necessariamente <a href=\"https:\/\/oukosher.org\/passover\/\">Kosher per la Pasqua <\/a>).<\/li>\n<li>Il prodotto non contiene n\u00e9 latticini n\u00e9 carne, n\u00e9 derivati di latticini o carne.<\/li>\n<li>Il prodotto non \u00e8 stato realizzato con macchinari per la produzione di latte.<\/li>\n<li>Il prodotto non \u00e8 stato realizzato con macchinari utilizzati per la produzione di prodotti a base di carne.<\/li>\n<li>Nel lessico kosher, un prodotto del genere \u00e8 chiamato &#8220;Pareve&#8221; o &#8220;Parve&#8221;.<\/li>\n<\/ul>\n<p>le attrezzature, le pentole, i piatti, le posate, ecc. che non sono stati utilizzati n\u00e9 per i latticini n\u00e9 per la carne sono chiamati &#8220;attrezzature Pareve&#8221;, &#8220;pentole Pareve&#8221;, ecc.<\/p>\n<ul>\n<li>Gli alimenti Pareve possono essere consumati con il latte o con la carne.<\/li>\n<li>Gli alimenti Pareve possono essere cotti nuovamente in qualsiasi utensile Kosher, che si tratti di carne o latticini.<\/li>\n<\/ul>\n<p><a href=\"https:\/\/oukosher.org\/get-certified-application\/\">Vuoi un simbolo OU sul tuo prodotto? Richiedi la certificazione Kosher<\/a><\/p>\n<h2><strong>Certificato Kosher Dairy<\/strong><\/h2>\n<p><strong>Il simbolo <\/strong><a href=\"https:\/\/oukosher.org\/faqs\/what-is-the-difference-between-oud-and-oud-cholov-yisrael\/\"><strong>&#8216;OU-D&#8217; <\/strong><\/a><strong>indica:<\/strong><\/p>\n<ul>\n<li>Il prodotto \u00e8 <a href=\"https:\/\/oukosher.org\/blog\/consumer-kosher\/why-would-a-non-dairy-product-have-a-d-for-dairy-kosher-certification-can-it-be-eaten-with-meat\/\">lattiero-caseario <\/a>o \u00e8 stato utilizzato in macchinari per la lavorazione dei latticini.<\/li>\n<li>Il prodotto contiene un ingrediente lattiero-caseario o un derivato del latte.<\/li>\n<li>In alternativa, il prodotto, pur non contenendo ingredienti lattiero-caseari, \u00e8 stato realizzato con macchinari utilizzati anche per la produzione di prodotti lattiero-caseari.<\/li>\n<li>Le leggi kosher non consentono il consumo o la cottura di latticini insieme alla carne o ad alimenti preparati con ingredienti a base di carne.<\/li>\n<\/ul>\n<p>Le leggi kosher stabiliscono che se una persona ha appena mangiato carne, deve attendere un tempo prescritto prima di poter mangiare un prodotto contrassegnato con la scritta OU-D.<\/p>\n<ul>\n<li>Un prodotto OU-D non pu\u00f2 essere riscaldato su o con utensili, pentole, padelle, piatti o posate utilizzati per cuocere la carne.<\/li>\n<li>Un prodotto OU-D non deve essere riscaldato in una pentola, padella o utilizzato con piatti e posate che sono stati usati per la carne. Ci\u00f2 potrebbe rendere sia il prodotto che l&#8217;utensile non Kosher.<\/li>\n<li>I prodotti certificati Kosher di OU Dairy potrebbero essere o meno <a href=\"https:\/\/oukosher.org\/blog\/consumer-kosher\/chalav-yisroel\/\">Chalav <\/a><a href=\"https:\/\/oukosher.org\/blog\/consumer-kosher\/chalav-yisroel\/\">Yisrael <\/a>.<\/li>\n<\/ul>\n<p><strong>Il prodotto OU-DE <\/strong>era realizzati con macchinari per l&#8217;industria casearia.<\/p>\n<h2><strong>Carne Kosher Certificata<\/strong><\/h2>\n<p><strong>Un simbolo &#8216;OU-Meat&#8217; o un simbolo OU-Glatt indica:<\/strong><\/p>\n<ul>\n<li>Il prodotto \u00e8 carne Kosher o un prodotto con ingredienti a base di carne o un derivato della carne (ma non necessariamente Kosher per la Pasqua)<\/li>\n<li>In alternativa, il prodotto, pur non contenendo ingredienti a base di carne, \u00e8 stato realizzato con macchinari utilizzati anche per la produzione di prodotti a base di carne.<\/li>\n<\/ul>\n<p><a href=\"https:\/\/oukosher.org\/the-kosher-primer\/\">Le leggi kosher <\/a>non consentono che la carne o un alimento contenente ingredienti a base di carne venga consumato o cucinato con latticini o con alimenti preparati con ingredienti a base di latticini.<\/p>\n<p>Le leggi kosher stabiliscono che se si \u00e8 appena mangiato un latticino, non si deve aspettare un tempo prescritto prima di poter mangiare un prodotto contrassegnato OU-M o OU-Glatt. Tuttavia, si consiglia di sciacquare la bocca o di attendere mezz&#8217;ora tra il latticino e la carne.<\/p>\n<p>Un prodotto OU-M o OU-Glatt non pu\u00f2 essere riscaldato su o con attrezzature, pentole, padelle, piatti o posate utilizzate per la lavorazione dei latticini.<\/p>\n<p>Un prodotto OU-M o OU-Glatt riscaldato su o con qualsiasi utensile, pentola, padella, piatto, posata utilizzato per la lavorazione dei latticini, potrebbe rendere sia il prodotto che l&#8217;utensile non kosher.<\/p>\n<h2><strong>Pesce Kosher Certificato<\/strong><\/h2>\n<p><strong>Il simbolo &#8221; <\/strong><a href=\"https:\/\/oukosher.org\/blog\/consumer-kosher\/mesorah-fish\/\"><strong>OU-Fish <\/strong><\/a><strong>&#8221; indica:<\/strong><\/p>\n<ul>\n<li>Il prodotto contiene ingredienti a base di pesce (ma non necessariamente Kosher per la Pasqua).<\/li>\n<\/ul>\n<p>Il prodotto NON deve essere consumato n\u00e9 cucinato insieme alla carne o ad alimenti preparati con ingredienti a base di carne.<\/p>\n<p>\u00c8 consentito mangiare un prodotto OU-F subito prima o subito dopo aver mangiato carne.<\/p>\n<p>I prodotti contrassegnati con il logo kosher OU-F possono essere consumati e cucinati insieme ai latticini.<\/p>\n<p>Mentre la legge Kosher consente di cucinare un prodotto OU-F su attrezzature per la carne, \u00e8 diventata un&#8217;usanza avere una pentola separata per cucinare o riscaldare il pesce<\/p>\n<p>Si prega di notare quanto segue: nei prodotti in cui il contenuto di pesce \u00e8 riconoscibile, sia perch\u00e9 il prodotto \u00e8 un pesce o perch\u00e9 il nome del prodotto include il nome di un pesce ( ad esempio insalata di tonno), la designazione potrebbe essere semplicemente OU, cos\u00ec come potrebbe essere OU-F.<\/p>\n<p>In entrambi i casi, le leggi kosher vietano il consumo concomitante di pesce e carne.<\/p>\n<p>\u00c8 nelle situazioni in cui l&#8217;ingrediente pesce non \u00e8 ovvio che l&#8217;OU-F diventa importante.<\/p>\n<p>Nei prodotti contenenti un ingrediente a base di pesce, al contrario dei prodotti contenenti un ingrediente a base di latticini o carne, la quantit\u00e0 dell&#8217;ingrediente a base di pesce in relazione agli altri ingredienti nel prodotto \u00e8 il fattore determinante per etichettare il prodotto OU-F o meno. Se il rapporto tra la quantit\u00e0 di altri ingredienti nel prodotto e l&#8217;ingrediente a base di pesce \u00e8 inferiore a 60 a 1, il prodotto \u00e8 etichettato OU-F. Se gli altri ingredienti sono uguali o superiori al rapporto imposto dal Kosher (60 a 1), la legge Kosher considera l&#8217;ingrediente a base di pesce dissipato nell&#8217;altro ingrediente e la &#8220;F&#8221; non verr\u00e0 assegnata al prodotto.<\/p>\n<p>Questo spiegher\u00e0 perch\u00e9 ad alcune salse Worcestershire certificate OU contenenti acciughe viene assegnata la OU-F e ad altre marche viene assegnata la OU. In quest&#8217;ultimo caso, \u00e8 perch\u00e9 la quantit\u00e0 di acciughe nel prodotto era piccola , quindi si \u00e8 dissipata.<\/p>\n<p><strong>Simbolo &#8216;OU-P&#8217; Indica :<\/strong><\/p>\n<ul>\n<li>Il prodotto \u00e8 Kosher per la Pasqua ed \u00e8 Pareve.<\/li>\n<\/ul>\n<p>Il tuo prodotto \u00e8 <a href=\"https:\/\/oukosher.org\/get-certified-application\/\">certificato Kosher <\/a>? La tua azienda produce prodotti che riportano i simboli Kosher OU?<\/p>\n<p><a href=\"https:\/\/oukosher.org\/contact-us\/\">Contattaci <\/a>per scoprire come certificare il tuo prodotto ed espandere il tuo business!<\/p>\n<p>&nbsp;<\/p>\n","protected":false},"excerpt":{"rendered":"<p>Cosa significano i diversi simboli della certificazione Kosher OU? Il simbolo &#8216;OU&#8217; indica: Il prodotto \u00e8 Kosher (ma non necessariamente Kosher per la Pasqua ). Il prodotto non contiene n\u00e9 latticini n\u00e9 carne, n\u00e9 derivati di latticini o carne. Il prodotto non \u00e8 stato realizzato con macchinari per la produzione di latte. Il prodotto non [&hellip;]<\/p>\n","protected":false},"author":2,"featured_media":0,"parent":0,"menu_order":0,"comment_status":"closed","ping_status":"closed","template":"","meta":{"_acf_changed":false,"ep_exclude_from_search":false,"footnotes":""},"class_list":["post-33","page","type-page","status-publish","hentry"],"acf":[],"yoast_head":"<!-- This site is optimized with the Yoast SEO plugin v21.9.1 - https:\/\/yoast.com\/wordpress\/plugins\/seo\/ -->\n<title>Simboli Kosher OU Spiegati\u00a0\u00a0\u00a0\u00a0\u00a0\u00a0\u00a0 - Certificazione Kosher OU<\/title>\n<meta name=\"robots\" content=\"index, follow, max-snippet:-1, max-image-preview:large, max-video-preview:-1\" \/>\n<link rel=\"canonical\" href=\"https:\/\/oukosher.org\/it\/simboli-kosher-ou-spiegati\/\" \/>\n<meta property=\"og:locale\" content=\"it_IT\" \/>\n<meta property=\"og:type\" content=\"article\" \/>\n<meta property=\"og:title\" content=\"Simboli Kosher OU Spiegati\u00a0\u00a0\u00a0\u00a0\u00a0\u00a0\u00a0 - Certificazione Kosher OU\" \/>\n<meta property=\"og:description\" content=\"Cosa significano i diversi simboli della certificazione Kosher OU? Il simbolo &#8216;OU&#8217; indica: Il prodotto \u00e8 Kosher (ma non necessariamente Kosher per la Pasqua ). Il prodotto non contiene n\u00e9 latticini n\u00e9 carne, n\u00e9 derivati di latticini o carne. Il prodotto non \u00e8 stato realizzato con macchinari per la produzione di latte. Il prodotto non [&hellip;]\" \/>\n<meta property=\"og:url\" content=\"https:\/\/oukosher.org\/it\/simboli-kosher-ou-spiegati\/\" \/>\n<meta property=\"og:site_name\" content=\"Certificazione Kosher OU\" \/>\n<meta name=\"twitter:card\" content=\"summary_large_image\" \/>\n<meta name=\"twitter:label1\" content=\"Est. reading time\" \/>\n\t<meta name=\"twitter:data1\" content=\"4 minutes\" \/>\n<script type=\"application\/ld+json\" class=\"yoast-schema-graph\">{\"@context\":\"https:\/\/schema.org\",\"@graph\":[{\"@type\":\"WebPage\",\"@id\":\"https:\/\/oukosher.org\/it\/simboli-kosher-ou-spiegati\/\",\"url\":\"https:\/\/oukosher.org\/it\/simboli-kosher-ou-spiegati\/\",\"name\":\"Simboli Kosher OU Spiegati\u00a0\u00a0\u00a0\u00a0\u00a0\u00a0\u00a0 - Certificazione Kosher OU\",\"isPartOf\":{\"@id\":\"https:\/\/oukosher.org\/it\/#website\"},\"datePublished\":\"2025-04-07T21:23:29+00:00\",\"dateModified\":\"2025-04-07T21:23:29+00:00\",\"breadcrumb\":{\"@id\":\"https:\/\/oukosher.org\/it\/simboli-kosher-ou-spiegati\/#breadcrumb\"},\"inLanguage\":\"it\",\"potentialAction\":[{\"@type\":\"ReadAction\",\"target\":[\"https:\/\/oukosher.org\/it\/simboli-kosher-ou-spiegati\/\"]}]},{\"@type\":\"BreadcrumbList\",\"@id\":\"https:\/\/oukosher.org\/it\/simboli-kosher-ou-spiegati\/#breadcrumb\",\"itemListElement\":[{\"@type\":\"ListItem\",\"position\":1,\"name\":\"Home\",\"item\":\"https:\/\/oukosher.org\/it\/\"},{\"@type\":\"ListItem\",\"position\":2,\"name\":\"Simboli Kosher OU Spiegati\u00a0\u00a0\u00a0\u00a0\u00a0\u00a0\u00a0\"}]},{\"@type\":\"WebSite\",\"@id\":\"https:\/\/oukosher.org\/it\/#website\",\"url\":\"https:\/\/oukosher.org\/it\/\",\"name\":\"Certificazione Kosher OU\",\"description\":\"\",\"potentialAction\":[{\"@type\":\"SearchAction\",\"target\":{\"@type\":\"EntryPoint\",\"urlTemplate\":\"https:\/\/oukosher.org\/product-search\/#s={search_term_string}\"},\"query-input\":\"required name=search_term_string\"}],\"inLanguage\":\"it\"}]}<\/script>\n<!-- \/ Yoast SEO plugin. -->","yoast_head_json":{"title":"Simboli Kosher OU Spiegati\u00a0\u00a0\u00a0\u00a0\u00a0\u00a0\u00a0 - Certificazione Kosher OU","robots":{"index":"index","follow":"follow","max-snippet":"max-snippet:-1","max-image-preview":"max-image-preview:large","max-video-preview":"max-video-preview:-1"},"canonical":"https:\/\/oukosher.org\/it\/simboli-kosher-ou-spiegati\/","og_locale":"it_IT","og_type":"article","og_title":"Simboli Kosher OU Spiegati\u00a0\u00a0\u00a0\u00a0\u00a0\u00a0\u00a0 - Certificazione Kosher OU","og_description":"Cosa significano i diversi simboli della certificazione Kosher OU? Il simbolo &#8216;OU&#8217; indica: Il prodotto \u00e8 Kosher (ma non necessariamente Kosher per la Pasqua ). Il prodotto non contiene n\u00e9 latticini n\u00e9 carne, n\u00e9 derivati di latticini o carne. Il prodotto non \u00e8 stato realizzato con macchinari per la produzione di latte. Il prodotto non [&hellip;]","og_url":"https:\/\/oukosher.org\/it\/simboli-kosher-ou-spiegati\/","og_site_name":"Certificazione Kosher OU","twitter_card":"summary_large_image","twitter_misc":{"Est. reading time":"4 minutes"},"schema":{"@context":"https:\/\/schema.org","@graph":[{"@type":"WebPage","@id":"https:\/\/oukosher.org\/it\/simboli-kosher-ou-spiegati\/","url":"https:\/\/oukosher.org\/it\/simboli-kosher-ou-spiegati\/","name":"Simboli Kosher OU Spiegati\u00a0\u00a0\u00a0\u00a0\u00a0\u00a0\u00a0 - Certificazione Kosher OU","isPartOf":{"@id":"https:\/\/oukosher.org\/it\/#website"},"datePublished":"2025-04-07T21:23:29+00:00","dateModified":"2025-04-07T21:23:29+00:00","breadcrumb":{"@id":"https:\/\/oukosher.org\/it\/simboli-kosher-ou-spiegati\/#breadcrumb"},"inLanguage":"it","potentialAction":[{"@type":"ReadAction","target":["https:\/\/oukosher.org\/it\/simboli-kosher-ou-spiegati\/"]}]},{"@type":"BreadcrumbList","@id":"https:\/\/oukosher.org\/it\/simboli-kosher-ou-spiegati\/#breadcrumb","itemListElement":[{"@type":"ListItem","position":1,"name":"Home","item":"https:\/\/oukosher.org\/it\/"},{"@type":"ListItem","position":2,"name":"Simboli Kosher OU Spiegati\u00a0\u00a0\u00a0\u00a0\u00a0\u00a0\u00a0"}]},{"@type":"WebSite","@id":"https:\/\/oukosher.org\/it\/#website","url":"https:\/\/oukosher.org\/it\/","name":"Certificazione Kosher OU","description":"","potentialAction":[{"@type":"SearchAction","target":{"@type":"EntryPoint","urlTemplate":"https:\/\/oukosher.org\/product-search\/#s={search_term_string}"},"query-input":"required name=search_term_string"}],"inLanguage":"it"}]}},"_links":{"self":[{"href":"https:\/\/oukosher.org\/it\/wp-json\/wp\/v2\/pages\/33","targetHints":{"allow":["GET"]}}],"collection":[{"href":"https:\/\/oukosher.org\/it\/wp-json\/wp\/v2\/pages"}],"about":[{"href":"https:\/\/oukosher.org\/it\/wp-json\/wp\/v2\/types\/page"}],"author":[{"embeddable":true,"href":"https:\/\/oukosher.org\/it\/wp-json\/wp\/v2\/users\/2"}],"replies":[{"embeddable":true,"href":"https:\/\/oukosher.org\/it\/wp-json\/wp\/v2\/comments?post=33"}],"version-history":[{"count":1,"href":"https:\/\/oukosher.org\/it\/wp-json\/wp\/v2\/pages\/33\/revisions"}],"predecessor-version":[{"id":34,"href":"https:\/\/oukosher.org\/it\/wp-json\/wp\/v2\/pages\/33\/revisions\/34"}],"wp:attachment":[{"href":"https:\/\/oukosher.org\/it\/wp-json\/wp\/v2\/media?parent=33"}],"curies":[{"name":"wp","href":"https:\/\/api.w.org\/{rel}","templated":true}]}}