{"id":14,"date":"2025-04-07T20:20:10","date_gmt":"2025-04-07T20:20:10","guid":{"rendered":"https:\/\/oukosher.org\/it\/?page_id=14"},"modified":"2025-04-08T20:10:56","modified_gmt":"2025-04-08T20:10:56","slug":"perche-andare-kosher","status":"publish","type":"page","link":"https:\/\/oukosher.org\/it\/perche-andare-kosher\/","title":{"rendered":"Perch\u00e9 Ottenere la Certificazione Kosher"},"content":{"rendered":"<p>La maggior parte dei nordamericani mangia <a href=\"https:\/\/oukosher.org\/the-kosher-primer\/\"><strong>cibo kosher <\/strong><\/a>ogni giorno, senza saperlo. Fai un giro lungo il corridoio di qualsiasi supermercato in Nord America e vedrai il simbolo kosher OU su <strong>quasi il 70% dei <\/strong>cibi certificati kosher, dal popolarissimo Oreo alle migliori marche di bibite gassate del mondo. Ogni anno vengono consumati oltre 150 miliardi di dollari di prodotti certificati kosher e questa quantit\u00e0 continua a crescere in modo esponenziale.<\/p>\n<p>La maggior parte degli americani mangia cibo kosher ogni giorno, ma \u00e8 probabile che non ne siano a conoscenza. Fai un giro lungo il corridoio di qualsiasi supermercato e vedrai che il simbolo kosher OU appare su <strong>circa il 70% dei cibi certificati kosher americani <\/strong>, dall&#8217;ambito Oreo alle migliori marche di soda al mondo. Ogni anno vengono consumati oltre 150 miliardi di dollari di prodotti certificati kosher e la spesa continua a crescere in modo esponenziale.<\/p>\n<h2>Perch\u00e9 scegliere la certificazione OU Kosher?<\/h2>\n<ol>\n<li><a href=\"https:\/\/oukosher.org\/it\">Agenzia di certificazione kosher <\/a>pi\u00f9 grande e riconosciuta a livello internazionale , che certifica oltre 1.200.000 prodotti realizzati in pi\u00f9 di 13.000 stabilimenti situati in 105 paesi in tutto il mondo.<\/li>\n<li>Il simbolo OU \u00e8 uno dei marchi pi\u00f9 noti al mondo.<\/li>\n<li>Garanzia di elevati standard di qualit\u00e0 alimentare.<\/li>\n<li>I pi\u00f9 elevati standard di certificazione kosher.<\/li>\n<li><a href=\"https:\/\/oukosher.org\/blog\/industrial-kosher\/all-ou-symbols-explained\/\">I <\/a>simboli Kosher OU identificano le restrizioni dietetiche.<\/li>\n<li>OU Kosher offre prezzi competitivi per la certificazione Kosher.<\/li>\n<li>Guida passo dopo passo durante il processo di certificazione.<\/li>\n<\/ol>\n<p><a href=\"https:\/\/oukosher.org\/get-certified-application\/\">Richiedi la certificazione Kosher<\/a><\/p>\n<h2>Il logo Kosher<\/h2>\n<p>Il logo \u00e8 diventato uno strumento di marketing sempre pi\u00f9 importante, che genera entrate aggiuntive espandendo le dimensioni del mercato. La certificazione conferisce a un prodotto un vantaggio competitivo che lo fa vendere pi\u00f9 velocemente, spingendo cos\u00ec i supermercati a favorire i marchi con certificazione. Ci\u00f2 significa anche che un <a href=\"https:\/\/oukosher.org\/get-certified-application\/\">logo kosher <\/a>come la certificazione pu\u00f2 portare a un aumento del business del marchio privato di un&#8217;azienda.<\/p>\n<h2>Vantaggi Della Certificazione Kosher<\/h2>\n<p>Ci sono prove evidenti che un simbolo kosher aumenta la quota di mercato, che un prodotto kosher pu\u00f2 conquistare uno spazio sugli scaffali pi\u00f9 favorevole e che, se posizionato accanto a un marchio concorrente non kosher, un prodotto kosher avr\u00e0 un rendimento migliore del 20%. Questi dati sono rimasti costanti anche nelle citt\u00e0 pi\u00f9 piccole, lontane dalle citt\u00e0 con alte concentrazioni di ebrei kosher. (Fonte: Integrated Marketing Communications.) La drastica <a href=\"https:\/\/oukosher.org\/kosher-overview\/growth-of-kosher-certification\/\"><strong>crescita della domanda di prodotti certificati Kosher <\/strong><\/a>\u00e8 dovuta alla sicurezza e alla qualit\u00e0 associate all&#8217;essere Kosher. Poich\u00e9 Kosher richiede standard elevati, l&#8217;aderenza alle restrizioni e alle leggi dietetiche, nonch\u00e9 la trasparenza e l&#8217;etichettatura, i consumatori si fidano del simbolo kosher e apprezzano il prodotto kosher.<\/p>\n<p><a href=\"https:\/\/oukosher.org\/get-certified-application\/\"><strong>Ottenere la certificazione kosher <\/strong><\/a>\u00e8 un investimento che la tua azienda fa per aumentare la portata e la quota di mercato. Siamo pronti a supportarti in ogni modo possibile per raggiungere i tuoi obiettivi.<\/p>\n<p>Assicuratevi che tutti i vostri prodotti certificati, siano essi al dettaglio o industriali, presentino il logo in modo prominente sull&#8217;etichetta o sulla confezione, nonch\u00e9 nella vostra pubblicit\u00e0. Ci\u00f2 non solo aumenter\u00e0 le vostre vendite, ma render\u00e0 anche pi\u00f9 facile per tutti, compresi coloro che lavorano nel settore alimentare, gli ispettori kosher e i clienti in tutto il mondo, riconoscere i vostri prodotti come kosher.<\/p>\n<p><a href=\"https:\/\/oukosher.org\/get-certified-application\/\"><strong>Visualizza le basi della certificazione Kosher<\/strong><\/a><\/p>\n<p><a href=\"https:\/\/oukosher.org\/get-certified-application\/#apply-form\">Oppure per maggiori informazioni su come ottenere la certificazione <\/a><a href=\"https:\/\/oukosher.org\/get-certified-application\/#apply-form\">.<\/a><\/p>\n<h2>Perch\u00e9 scegliere la certificazione OU Kosher?<\/h2>\n<ol>\n<li><a href=\"https:\/\/oukosher.org\/\">agenzia di certificazione kosher <\/a>pi\u00f9 grande e riconosciuta a livello internazionale , che certifica oltre 1.000.000 di prodotti realizzati in pi\u00f9 di 13.000 stabilimenti situati in 105 paesi in tutto il mondo.<\/li>\n<li>Il simbolo OU \u00e8 uno dei marchi pi\u00f9 noti al mondo.<\/li>\n<li>Garanzia di elevati standard di qualit\u00e0 alimentare.<\/li>\n<li>I pi\u00f9 elevati standard di certificazione kosher.<\/li>\n<li><a href=\"https:\/\/oukosher.org\/blog\/industrial-kosher\/all-ou-symbols-explained\/\">I simboli Kosher <\/a>OU identificano le restrizioni dietetiche.<\/li>\n<li>OU Kosher offre prezzi competitivi per la certificazione Kosher.<\/li>\n<li>Guida passo dopo passo durante il processo di certificazione.<\/li>\n<\/ol>\n<p><a href=\"https:\/\/oukosher.org\/get-certified-application\/\">Richiedi la certificazione Kosher<\/a><\/p>\n<h2>Il Logo Kosher<\/h2>\n<p>Il logo \u00e8 diventato uno strumento di marketing sempre pi\u00f9 importante, che genera entrate aggiuntive espandendo le dimensioni del mercato. La certificazione conferisce a un prodotto un vantaggio competitivo che lo fa vendere pi\u00f9 velocemente, spingendo cos\u00ec i supermercati a favorire i marchi con certificazione. Ci\u00f2 significa anche che un <a href=\"https:\/\/oukosher.org\/get-certified-application\/\">logo kosher <\/a>come la certificazione pu\u00f2 portare a un aumento del business del marchio privato di un&#8217;azienda.<\/p>\n","protected":false},"excerpt":{"rendered":"<p>La maggior parte dei nordamericani mangia cibo kosher ogni giorno, senza saperlo. Fai un giro lungo il corridoio di qualsiasi supermercato in Nord America e vedrai il simbolo kosher OU su quasi il 70% dei cibi certificati kosher, dal popolarissimo Oreo alle migliori marche di bibite gassate del mondo. Ogni anno vengono consumati oltre 150 [&hellip;]<\/p>\n","protected":false},"author":2,"featured_media":0,"parent":0,"menu_order":0,"comment_status":"closed","ping_status":"closed","template":"","meta":{"_acf_changed":false,"ep_exclude_from_search":false,"footnotes":""},"class_list":["post-14","page","type-page","status-publish","hentry"],"acf":[],"yoast_head":"<!-- This site is optimized with the Yoast SEO plugin v21.9.1 - https:\/\/yoast.com\/wordpress\/plugins\/seo\/ -->\n<title>Perch\u00e9 Ottenere la Certificazione Kosher - Certificazione Kosher OU<\/title>\n<meta name=\"robots\" content=\"index, follow, max-snippet:-1, max-image-preview:large, max-video-preview:-1\" \/>\n<link rel=\"canonical\" href=\"https:\/\/oukosher.org\/it\/perche-andare-kosher\/\" \/>\n<meta property=\"og:locale\" content=\"it_IT\" \/>\n<meta property=\"og:type\" content=\"article\" \/>\n<meta property=\"og:title\" content=\"Perch\u00e9 Ottenere la Certificazione Kosher - Certificazione Kosher OU\" \/>\n<meta property=\"og:description\" content=\"La maggior parte dei nordamericani mangia cibo kosher ogni giorno, senza saperlo. Fai un giro lungo il corridoio di qualsiasi supermercato in Nord America e vedrai il simbolo kosher OU su quasi il 70% dei cibi certificati kosher, dal popolarissimo Oreo alle migliori marche di bibite gassate del mondo. Ogni anno vengono consumati oltre 150 [&hellip;]\" \/>\n<meta property=\"og:url\" content=\"https:\/\/oukosher.org\/it\/perche-andare-kosher\/\" \/>\n<meta property=\"og:site_name\" content=\"Certificazione Kosher OU\" \/>\n<meta property=\"article:modified_time\" content=\"2025-04-08T20:10:56+00:00\" \/>\n<meta name=\"twitter:card\" content=\"summary_large_image\" \/>\n<meta name=\"twitter:label1\" content=\"Est. reading time\" \/>\n\t<meta name=\"twitter:data1\" content=\"3 minutes\" \/>\n<script type=\"application\/ld+json\" class=\"yoast-schema-graph\">{\"@context\":\"https:\/\/schema.org\",\"@graph\":[{\"@type\":\"WebPage\",\"@id\":\"https:\/\/oukosher.org\/it\/perche-andare-kosher\/\",\"url\":\"https:\/\/oukosher.org\/it\/perche-andare-kosher\/\",\"name\":\"Perch\u00e9 Ottenere la Certificazione Kosher - Certificazione Kosher OU\",\"isPartOf\":{\"@id\":\"https:\/\/oukosher.org\/it\/#website\"},\"datePublished\":\"2025-04-07T20:20:10+00:00\",\"dateModified\":\"2025-04-08T20:10:56+00:00\",\"breadcrumb\":{\"@id\":\"https:\/\/oukosher.org\/it\/perche-andare-kosher\/#breadcrumb\"},\"inLanguage\":\"it\",\"potentialAction\":[{\"@type\":\"ReadAction\",\"target\":[\"https:\/\/oukosher.org\/it\/perche-andare-kosher\/\"]}]},{\"@type\":\"BreadcrumbList\",\"@id\":\"https:\/\/oukosher.org\/it\/perche-andare-kosher\/#breadcrumb\",\"itemListElement\":[{\"@type\":\"ListItem\",\"position\":1,\"name\":\"Home\",\"item\":\"https:\/\/oukosher.org\/it\/\"},{\"@type\":\"ListItem\",\"position\":2,\"name\":\"Perch\u00e9 Ottenere la Certificazione Kosher\"}]},{\"@type\":\"WebSite\",\"@id\":\"https:\/\/oukosher.org\/it\/#website\",\"url\":\"https:\/\/oukosher.org\/it\/\",\"name\":\"Certificazione Kosher OU\",\"description\":\"\",\"potentialAction\":[{\"@type\":\"SearchAction\",\"target\":{\"@type\":\"EntryPoint\",\"urlTemplate\":\"https:\/\/oukosher.org\/product-search\/#s={search_term_string}\"},\"query-input\":\"required name=search_term_string\"}],\"inLanguage\":\"it\"}]}<\/script>\n<!-- \/ Yoast SEO plugin. -->","yoast_head_json":{"title":"Perch\u00e9 Ottenere la Certificazione Kosher - Certificazione Kosher OU","robots":{"index":"index","follow":"follow","max-snippet":"max-snippet:-1","max-image-preview":"max-image-preview:large","max-video-preview":"max-video-preview:-1"},"canonical":"https:\/\/oukosher.org\/it\/perche-andare-kosher\/","og_locale":"it_IT","og_type":"article","og_title":"Perch\u00e9 Ottenere la Certificazione Kosher - Certificazione Kosher OU","og_description":"La maggior parte dei nordamericani mangia cibo kosher ogni giorno, senza saperlo. Fai un giro lungo il corridoio di qualsiasi supermercato in Nord America e vedrai il simbolo kosher OU su quasi il 70% dei cibi certificati kosher, dal popolarissimo Oreo alle migliori marche di bibite gassate del mondo. Ogni anno vengono consumati oltre 150 [&hellip;]","og_url":"https:\/\/oukosher.org\/it\/perche-andare-kosher\/","og_site_name":"Certificazione Kosher OU","article_modified_time":"2025-04-08T20:10:56+00:00","twitter_card":"summary_large_image","twitter_misc":{"Est. reading time":"3 minutes"},"schema":{"@context":"https:\/\/schema.org","@graph":[{"@type":"WebPage","@id":"https:\/\/oukosher.org\/it\/perche-andare-kosher\/","url":"https:\/\/oukosher.org\/it\/perche-andare-kosher\/","name":"Perch\u00e9 Ottenere la Certificazione Kosher - Certificazione Kosher OU","isPartOf":{"@id":"https:\/\/oukosher.org\/it\/#website"},"datePublished":"2025-04-07T20:20:10+00:00","dateModified":"2025-04-08T20:10:56+00:00","breadcrumb":{"@id":"https:\/\/oukosher.org\/it\/perche-andare-kosher\/#breadcrumb"},"inLanguage":"it","potentialAction":[{"@type":"ReadAction","target":["https:\/\/oukosher.org\/it\/perche-andare-kosher\/"]}]},{"@type":"BreadcrumbList","@id":"https:\/\/oukosher.org\/it\/perche-andare-kosher\/#breadcrumb","itemListElement":[{"@type":"ListItem","position":1,"name":"Home","item":"https:\/\/oukosher.org\/it\/"},{"@type":"ListItem","position":2,"name":"Perch\u00e9 Ottenere la Certificazione Kosher"}]},{"@type":"WebSite","@id":"https:\/\/oukosher.org\/it\/#website","url":"https:\/\/oukosher.org\/it\/","name":"Certificazione Kosher OU","description":"","potentialAction":[{"@type":"SearchAction","target":{"@type":"EntryPoint","urlTemplate":"https:\/\/oukosher.org\/product-search\/#s={search_term_string}"},"query-input":"required name=search_term_string"}],"inLanguage":"it"}]}},"_links":{"self":[{"href":"https:\/\/oukosher.org\/it\/wp-json\/wp\/v2\/pages\/14","targetHints":{"allow":["GET"]}}],"collection":[{"href":"https:\/\/oukosher.org\/it\/wp-json\/wp\/v2\/pages"}],"about":[{"href":"https:\/\/oukosher.org\/it\/wp-json\/wp\/v2\/types\/page"}],"author":[{"embeddable":true,"href":"https:\/\/oukosher.org\/it\/wp-json\/wp\/v2\/users\/2"}],"replies":[{"embeddable":true,"href":"https:\/\/oukosher.org\/it\/wp-json\/wp\/v2\/comments?post=14"}],"version-history":[{"count":4,"href":"https:\/\/oukosher.org\/it\/wp-json\/wp\/v2\/pages\/14\/revisions"}],"predecessor-version":[{"id":52,"href":"https:\/\/oukosher.org\/it\/wp-json\/wp\/v2\/pages\/14\/revisions\/52"}],"wp:attachment":[{"href":"https:\/\/oukosher.org\/it\/wp-json\/wp\/v2\/media?parent=14"}],"curies":[{"name":"wp","href":"https:\/\/api.w.org\/{rel}","templated":true}]}}