{"id":13,"date":"2025-04-22T21:29:12","date_gmt":"2025-04-22T21:29:12","guid":{"rendered":"https:\/\/oukosher.org\/fr\/?page_id=13"},"modified":"2025-04-22T21:30:21","modified_gmt":"2025-04-22T21:30:21","slug":"pourquoi-obtenir-la-certification-casher","status":"publish","type":"page","link":"https:\/\/oukosher.org\/fr\/pourquoi-obtenir-la-certification-casher\/","title":{"rendered":"Pourquoi obtenir la certification casher\u00a0"},"content":{"rendered":"<p><span data-contrast=\"auto\">La plupart des Nord-Am\u00e9ricains mangent des <\/span><a href=\"https:\/\/oukosher.org\/the-kosher-primer\/\"><b><span data-contrast=\"none\">aliments casher <\/span><\/b><\/a><span data-contrast=\"auto\">tous les jours, sans le savoir. Promenez-vous dans l\u2019all\u00e9e de n\u2019importe quel supermarch\u00e9 d\u2019Am\u00e9rique du Nord et vous verrez le symbole casher OU sur <\/span><b><span data-contrast=\"auto\">pr\u00e8s de 70 % des <\/span><\/b><span data-contrast=\"auto\">aliments certifi\u00e9s casher, du tr\u00e8s populaire Oreo aux meilleures marques de soda au monde. Plus de 150 milliards de dollars de produits certifi\u00e9s casher sont consomm\u00e9s chaque ann\u00e9e, et ce montant continue d\u2019augmenter consid\u00e9rablement.<\/span><span data-ccp-props=\"{&quot;134233117&quot;:false,&quot;134233118&quot;:false,&quot;335559738&quot;:0,&quot;335559739&quot;:0}\">\u00a0<\/span><\/p>\n<p><span data-ccp-props=\"{&quot;134233117&quot;:false,&quot;134233118&quot;:false,&quot;335559738&quot;:0,&quot;335559739&quot;:0}\">\u00a0<\/span><span data-contrast=\"auto\">La plupart des Am\u00e9ricains mangent de <\/span><a href=\"https:\/\/oukosher.org\/the-kosher-primer\/\"><b><span data-contrast=\"none\">la nourriture casher <\/span><\/b><\/a><span data-contrast=\"auto\">tous les jours, mais il y a de fortes chances qu&#8217;ils n&#8217;en soient pas conscients. Promenez-vous dans l&#8217;all\u00e9e de n&#8217;importe quel supermarch\u00e9 et vous verrez que le symbole casher OU appara\u00eet sur <\/span><b><span data-contrast=\"auto\">pr\u00e8s de 70 % des <\/span><\/b><span data-contrast=\"auto\">aliments certifi\u00e9s casher aux \u00c9tats-Unis, du tr\u00e8s convoit\u00e9 Oreo aux meilleures marques de soda au monde. Plus de 150 milliards de dollars de produits certifi\u00e9s casher sont consomm\u00e9s chaque ann\u00e9e, et les d\u00e9penses continuent d&#8217;augmenter consid\u00e9rablement.<\/span><span data-ccp-props=\"{&quot;134233117&quot;:false,&quot;134233118&quot;:false,&quot;335559738&quot;:0,&quot;335559739&quot;:0}\">\u00a0<\/span><\/p>\n<h2><span data-ccp-props=\"{&quot;134233117&quot;:false,&quot;134233118&quot;:false,&quot;335559738&quot;:0,&quot;335559739&quot;:0}\">\u00a0<\/span><span data-contrast=\"none\">Pourquoi choisir la certification casher OU\u202f?<\/span><span data-ccp-props=\"{&quot;134245418&quot;:true,&quot;134245529&quot;:true,&quot;335559738&quot;:40,&quot;335559739&quot;:0}\">\u00a0<\/span><\/h2>\n<ol>\n<li><a href=\"https:\/\/oukosher.org\/\"><span data-contrast=\"none\">agence internationale de certification casher <\/span><\/a><span data-contrast=\"auto\">la plus grande et la plus reconnue au monde , certifiant plus de 1 200 000 produits fabriqu\u00e9s dans plus de 13 000 usines situ\u00e9es dans 105 pays \u00e0 travers le monde.<\/span><span data-ccp-props=\"{&quot;134233117&quot;:false,&quot;134233118&quot;:false,&quot;335559738&quot;:0,&quot;335559739&quot;:0}\">\u00a0<\/span><\/li>\n<li><span data-contrast=\"auto\">Le symbole OU est l\u2019une des marques les plus connues au monde.<\/span><span data-ccp-props=\"{&quot;134233117&quot;:false,&quot;134233118&quot;:false,&quot;335559738&quot;:0,&quot;335559739&quot;:0}\">\u00a0<\/span><\/li>\n<li><span data-contrast=\"auto\">Assurance de normes alimentaires de haute qualit\u00e9.<\/span><span data-ccp-props=\"{&quot;134233117&quot;:false,&quot;134233118&quot;:false,&quot;335559738&quot;:0,&quot;335559739&quot;:0}\">\u00a0<\/span><\/li>\n<li><span data-contrast=\"auto\">Les normes les plus \u00e9lev\u00e9es de certification casher.<\/span><span data-ccp-props=\"{&quot;134233117&quot;:false,&quot;134233118&quot;:false,&quot;335559738&quot;:0,&quot;335559739&quot;:0}\">\u00a0<\/span><\/li>\n<li><a href=\"https:\/\/oukosher.org\/blog\/industrial-kosher\/all-ou-symbols-explained\/\"><span data-contrast=\"none\">Les symboles casher <\/span><\/a><span data-contrast=\"auto\">de l&#8217;OU identifient les restrictions alimentaires.<\/span><span data-ccp-props=\"{&quot;134233117&quot;:false,&quot;134233118&quot;:false,&quot;335559738&quot;:0,&quot;335559739&quot;:0}\">\u00a0<\/span><\/li>\n<li><span data-contrast=\"auto\">OU Kosher propose des co\u00fbts de certification casher comp\u00e9titifs.<\/span><span data-ccp-props=\"{&quot;134233117&quot;:false,&quot;134233118&quot;:false,&quot;335559738&quot;:0,&quot;335559739&quot;:0}\">\u00a0<\/span><\/li>\n<li><span data-contrast=\"auto\">Guidage \u00e9tape par \u00e9tape pendant le processus de certification.<\/span><span data-ccp-props=\"{&quot;134233117&quot;:false,&quot;134233118&quot;:false,&quot;335559738&quot;:0,&quot;335559739&quot;:0}\">\u00a0<\/span><\/li>\n<\/ol>\n<p><a href=\"https:\/\/oukosher.org\/get-certified-application\/\"><span data-contrast=\"none\">Demander la certification casher<\/span><\/a><span data-ccp-props=\"{&quot;134233117&quot;:false,&quot;134233118&quot;:false,&quot;335559738&quot;:0,&quot;335559739&quot;:0}\">\u00a0<\/span><\/p>\n<h2 aria-level=\"2\"><span data-contrast=\"none\">Le logo casher<\/span><span data-ccp-props=\"{&quot;134245418&quot;:true,&quot;134245529&quot;:true,&quot;335559738&quot;:40,&quot;335559739&quot;:0}\">\u00a0<\/span><\/h2>\n<p><span data-contrast=\"auto\">Le <\/span><span data-contrast=\"auto\">logo est devenu un outil marketing de plus en plus important, qui g\u00e9n\u00e8re des revenus suppl\u00e9mentaires en \u00e9largissant la taille du march\u00e9. <\/span><span data-contrast=\"auto\">La certification conf\u00e8re \u00e0 un produit un avantage concurrentiel qui lui permet de se vendre plus rapidement, ce qui incite les supermarch\u00e9s \u00e0 privil\u00e9gier les marques certifi\u00e9es. Cela signifie \u00e9galement qu&#8217;un <\/span><a href=\"https:\/\/oukosher.org\/get-certified-application\/\"><span data-contrast=\"none\">logo casher <\/span><\/a><span data-contrast=\"auto\">comme <\/span><span data-contrast=\"auto\">la certification peut conduire \u00e0 une augmentation du chiffre d&#8217;affaires d&#8217;une entreprise sous marque de distributeur.<\/span><span data-ccp-props=\"{&quot;134233117&quot;:false,&quot;134233118&quot;:false,&quot;335559738&quot;:0,&quot;335559739&quot;:0}\">\u00a0<\/span><span data-ccp-props=\"{&quot;134233117&quot;:false,&quot;134233118&quot;:false,&quot;335559738&quot;:0,&quot;335559739&quot;:0}\">\u00a0<\/span><\/p>\n<h2 aria-level=\"2\"><span data-contrast=\"none\">Avantages de la certification casher<\/span><span data-ccp-props=\"{&quot;134245418&quot;:true,&quot;134245529&quot;:true,&quot;335559738&quot;:40,&quot;335559739&quot;:0}\">\u00a0<\/span><\/h2>\n<p><span data-contrast=\"auto\">Il est clairement d\u00e9montr\u00e9 qu&#8217;un symbole casher augmente la part de march\u00e9, qu&#8217;un produit casher peut gagner plus d&#8217;espace en rayon et que lorsqu&#8217;il est plac\u00e9 \u00e0 c\u00f4t\u00e9 d&#8217;une marque concurrente non casher, un produit casher aura un meilleur rendement de 20 %. Ces donn\u00e9es sont rest\u00e9es constantes m\u00eame dans les petites villes, loin des villes \u00e0 forte concentration de juifs casher. (Source : Integrated Marketing Communications.) La <\/span><a href=\"https:\/\/oukosher.org\/kosher-overview\/growth-of-kosher-certification\/\"><b><span data-contrast=\"none\">croissance drastique de la demande de produits certifi\u00e9s casher <\/span><\/b><\/a><span data-contrast=\"auto\">est due \u00e0 la s\u00e9curit\u00e9 et \u00e0 la qualit\u00e9 associ\u00e9es au fait d&#8217;\u00eatre casher. \u00c9tant donn\u00e9 que le casher exige des normes \u00e9lev\u00e9es, le respect des restrictions et des lois alimentaires ainsi que la transparence et l&#8217;\u00e9tiquetage, les consommateurs font confiance au symbole casher et appr\u00e9cient le produit casher.<\/span><span data-ccp-props=\"{&quot;134233117&quot;:false,&quot;134233118&quot;:false,&quot;335559738&quot;:0,&quot;335559739&quot;:0}\">\u00a0<\/span><\/p>\n<p><a href=\"https:\/\/oukosher.org\/get-certified-application\/\"><b><span data-contrast=\"none\">Obtenir la certification casher <\/span><\/b><\/a><span data-contrast=\"auto\">est un investissement que votre entreprise fait pour augmenter sa port\u00e9e et sa part de march\u00e9. Nous sommes pr\u00eats \u00e0 vous aider de toutes les mani\u00e8res possibles pour atteindre vos objectifs.<\/span><span data-ccp-props=\"{&quot;134233117&quot;:false,&quot;134233118&quot;:false,&quot;335559738&quot;:0,&quot;335559739&quot;:0}\">\u00a0<\/span><\/p>\n<p><span data-contrast=\"auto\">Assurez-vous que tous vos produits certifi\u00e9s, qu&#8217;ils soient destin\u00e9s \u00e0 la vente au d\u00e9tail ou \u00e0 l&#8217;industrie, arborent le <\/span><span data-contrast=\"auto\">logo de mani\u00e8re visible sur l&#8217;\u00e9tiquette ou l&#8217;emballage, ainsi que dans votre publicit\u00e9. <\/span><span data-contrast=\"none\">Cela augmentera non seulement vos ventes, mais permettra \u00e9galement \u00e0 tout le monde, y compris les professionnels de l&#8217;industrie alimentaire, les inspecteurs casher et les clients du monde entier, de reconna\u00eetre plus facilement vos produits comme \u00e9tant casher.<\/span><span data-ccp-props=\"{&quot;134233117&quot;:false,&quot;134233118&quot;:false,&quot;335559738&quot;:0,&quot;335559739&quot;:0}\">\u00a0<\/span><\/p>\n<p><a href=\"https:\/\/oukosher.org\/get-certified-application\/\"><b><span data-contrast=\"none\">Voir les bases de la certification casher<\/span><\/b><\/a><span data-ccp-props=\"{&quot;134233117&quot;:false,&quot;134233118&quot;:false,&quot;335559738&quot;:0,&quot;335559739&quot;:0}\">\u00a0<\/span><\/p>\n<p><a href=\"https:\/\/oukosher.org\/get-certified-application\/#apply-form\"><span data-contrast=\"none\">Ou pour plus d&#8217;informations sur l&#8217;obtention de la certification <\/span><\/a><a href=\"https:\/\/oukosher.org\/get-certified-application\/#apply-form\"><span data-contrast=\"none\">.<\/span><\/a><span data-ccp-props=\"{&quot;134233117&quot;:false,&quot;134233118&quot;:false,&quot;335559738&quot;:0,&quot;335559739&quot;:0}\">\u00a0<\/span><\/p>\n<p><a href=\"https:\/\/oukosher.org\/get-certified-application\/\"><span data-contrast=\"none\">Demander la certification casher<\/span><\/a><span data-ccp-props=\"{&quot;134233117&quot;:false,&quot;134233118&quot;:false,&quot;335559738&quot;:0,&quot;335559739&quot;:0}\">\u00a0<\/span><\/p>\n","protected":false},"excerpt":{"rendered":"<p>La plupart des Nord-Am\u00e9ricains mangent des aliments casher tous les jours, sans le savoir. Promenez-vous dans l\u2019all\u00e9e de n\u2019importe quel supermarch\u00e9 d\u2019Am\u00e9rique du Nord et vous verrez le symbole casher OU sur pr\u00e8s de 70 % des aliments certifi\u00e9s casher, du tr\u00e8s populaire Oreo aux meilleures marques de soda au monde. Plus de 150 milliards [&hellip;]<\/p>\n","protected":false},"author":2,"featured_media":0,"parent":0,"menu_order":0,"comment_status":"closed","ping_status":"closed","template":"","meta":{"_acf_changed":false,"ep_exclude_from_search":false,"footnotes":""},"class_list":["post-13","page","type-page","status-publish","hentry"],"acf":[],"yoast_head":"<!-- This site is optimized with the Yoast SEO plugin v21.9.1 - https:\/\/yoast.com\/wordpress\/plugins\/seo\/ -->\n<title>Pourquoi obtenir la certification casher\u00a0 - Certification Kasher OU<\/title>\n<meta name=\"description\" content=\"Promenez-vous dans l\u2019all\u00e9e d\u2019un supermarch\u00e9 nord-am\u00e9ricain : pr\u00e8s de 70 % des aliments casher affichent le symbole OU. Des Oreos aux sodas c\u00e9l\u00e8bres, plus de 150 milliards de dollars de produits casher sont consomm\u00e9s chaque ann\u00e9e.\" \/>\n<meta name=\"robots\" content=\"index, follow, max-snippet:-1, max-image-preview:large, max-video-preview:-1\" \/>\n<link rel=\"canonical\" href=\"https:\/\/oukosher.org\/fr\/pourquoi-obtenir-la-certification-casher\/\" \/>\n<meta property=\"og:locale\" content=\"fr_FR\" \/>\n<meta property=\"og:type\" content=\"article\" \/>\n<meta property=\"og:title\" content=\"Pourquoi obtenir la certification casher\u00a0 - Certification Kasher OU\" \/>\n<meta property=\"og:description\" content=\"Promenez-vous dans l\u2019all\u00e9e d\u2019un supermarch\u00e9 nord-am\u00e9ricain : pr\u00e8s de 70 % des aliments casher affichent le symbole OU. Des Oreos aux sodas c\u00e9l\u00e8bres, plus de 150 milliards de dollars de produits casher sont consomm\u00e9s chaque ann\u00e9e.\" \/>\n<meta property=\"og:url\" content=\"https:\/\/oukosher.org\/fr\/pourquoi-obtenir-la-certification-casher\/\" \/>\n<meta property=\"og:site_name\" content=\"Certification Kasher OU\" \/>\n<meta property=\"article:modified_time\" content=\"2025-04-22T21:30:21+00:00\" \/>\n<meta name=\"twitter:card\" content=\"summary_large_image\" \/>\n<meta name=\"twitter:label1\" content=\"Est. reading time\" \/>\n\t<meta name=\"twitter:data1\" content=\"3 minutes\" \/>\n<script type=\"application\/ld+json\" class=\"yoast-schema-graph\">{\"@context\":\"https:\/\/schema.org\",\"@graph\":[{\"@type\":\"WebPage\",\"@id\":\"https:\/\/oukosher.org\/fr\/pourquoi-obtenir-la-certification-casher\/\",\"url\":\"https:\/\/oukosher.org\/fr\/pourquoi-obtenir-la-certification-casher\/\",\"name\":\"Pourquoi obtenir la certification casher\u00a0 - Certification Kasher OU\",\"isPartOf\":{\"@id\":\"https:\/\/oukosher.org\/fr\/#website\"},\"datePublished\":\"2025-04-22T21:29:12+00:00\",\"dateModified\":\"2025-04-22T21:30:21+00:00\",\"description\":\"Promenez-vous dans l\u2019all\u00e9e d\u2019un supermarch\u00e9 nord-am\u00e9ricain : pr\u00e8s de 70 % des aliments casher affichent le symbole OU. Des Oreos aux sodas c\u00e9l\u00e8bres, plus de 150 milliards de dollars de produits casher sont consomm\u00e9s chaque ann\u00e9e.\",\"breadcrumb\":{\"@id\":\"https:\/\/oukosher.org\/fr\/pourquoi-obtenir-la-certification-casher\/#breadcrumb\"},\"inLanguage\":\"fr\",\"potentialAction\":[{\"@type\":\"ReadAction\",\"target\":[\"https:\/\/oukosher.org\/fr\/pourquoi-obtenir-la-certification-casher\/\"]}]},{\"@type\":\"BreadcrumbList\",\"@id\":\"https:\/\/oukosher.org\/fr\/pourquoi-obtenir-la-certification-casher\/#breadcrumb\",\"itemListElement\":[{\"@type\":\"ListItem\",\"position\":1,\"name\":\"Home\",\"item\":\"https:\/\/oukosher.org\/fr\/\"},{\"@type\":\"ListItem\",\"position\":2,\"name\":\"Pourquoi obtenir la certification casher\u00a0\"}]},{\"@type\":\"WebSite\",\"@id\":\"https:\/\/oukosher.org\/fr\/#website\",\"url\":\"https:\/\/oukosher.org\/fr\/\",\"name\":\"Certification Kasher OU\",\"description\":\"\",\"potentialAction\":[{\"@type\":\"SearchAction\",\"target\":{\"@type\":\"EntryPoint\",\"urlTemplate\":\"https:\/\/oukosher.org\/product-search\/#s={search_term_string}\"},\"query-input\":\"required name=search_term_string\"}],\"inLanguage\":\"fr\"}]}<\/script>\n<!-- \/ Yoast SEO plugin. -->","yoast_head_json":{"title":"Pourquoi obtenir la certification casher\u00a0 - Certification Kasher OU","description":"Promenez-vous dans l\u2019all\u00e9e d\u2019un supermarch\u00e9 nord-am\u00e9ricain : pr\u00e8s de 70 % des aliments casher affichent le symbole OU. Des Oreos aux sodas c\u00e9l\u00e8bres, plus de 150 milliards de dollars de produits casher sont consomm\u00e9s chaque ann\u00e9e.","robots":{"index":"index","follow":"follow","max-snippet":"max-snippet:-1","max-image-preview":"max-image-preview:large","max-video-preview":"max-video-preview:-1"},"canonical":"https:\/\/oukosher.org\/fr\/pourquoi-obtenir-la-certification-casher\/","og_locale":"fr_FR","og_type":"article","og_title":"Pourquoi obtenir la certification casher\u00a0 - Certification Kasher OU","og_description":"Promenez-vous dans l\u2019all\u00e9e d\u2019un supermarch\u00e9 nord-am\u00e9ricain : pr\u00e8s de 70 % des aliments casher affichent le symbole OU. Des Oreos aux sodas c\u00e9l\u00e8bres, plus de 150 milliards de dollars de produits casher sont consomm\u00e9s chaque ann\u00e9e.","og_url":"https:\/\/oukosher.org\/fr\/pourquoi-obtenir-la-certification-casher\/","og_site_name":"Certification Kasher OU","article_modified_time":"2025-04-22T21:30:21+00:00","twitter_card":"summary_large_image","twitter_misc":{"Est. reading time":"3 minutes"},"schema":{"@context":"https:\/\/schema.org","@graph":[{"@type":"WebPage","@id":"https:\/\/oukosher.org\/fr\/pourquoi-obtenir-la-certification-casher\/","url":"https:\/\/oukosher.org\/fr\/pourquoi-obtenir-la-certification-casher\/","name":"Pourquoi obtenir la certification casher\u00a0 - Certification Kasher OU","isPartOf":{"@id":"https:\/\/oukosher.org\/fr\/#website"},"datePublished":"2025-04-22T21:29:12+00:00","dateModified":"2025-04-22T21:30:21+00:00","description":"Promenez-vous dans l\u2019all\u00e9e d\u2019un supermarch\u00e9 nord-am\u00e9ricain : pr\u00e8s de 70 % des aliments casher affichent le symbole OU. Des Oreos aux sodas c\u00e9l\u00e8bres, plus de 150 milliards de dollars de produits casher sont consomm\u00e9s chaque ann\u00e9e.","breadcrumb":{"@id":"https:\/\/oukosher.org\/fr\/pourquoi-obtenir-la-certification-casher\/#breadcrumb"},"inLanguage":"fr","potentialAction":[{"@type":"ReadAction","target":["https:\/\/oukosher.org\/fr\/pourquoi-obtenir-la-certification-casher\/"]}]},{"@type":"BreadcrumbList","@id":"https:\/\/oukosher.org\/fr\/pourquoi-obtenir-la-certification-casher\/#breadcrumb","itemListElement":[{"@type":"ListItem","position":1,"name":"Home","item":"https:\/\/oukosher.org\/fr\/"},{"@type":"ListItem","position":2,"name":"Pourquoi obtenir la certification casher\u00a0"}]},{"@type":"WebSite","@id":"https:\/\/oukosher.org\/fr\/#website","url":"https:\/\/oukosher.org\/fr\/","name":"Certification Kasher OU","description":"","potentialAction":[{"@type":"SearchAction","target":{"@type":"EntryPoint","urlTemplate":"https:\/\/oukosher.org\/product-search\/#s={search_term_string}"},"query-input":"required name=search_term_string"}],"inLanguage":"fr"}]}},"_links":{"self":[{"href":"https:\/\/oukosher.org\/fr\/wp-json\/wp\/v2\/pages\/13","targetHints":{"allow":["GET"]}}],"collection":[{"href":"https:\/\/oukosher.org\/fr\/wp-json\/wp\/v2\/pages"}],"about":[{"href":"https:\/\/oukosher.org\/fr\/wp-json\/wp\/v2\/types\/page"}],"author":[{"embeddable":true,"href":"https:\/\/oukosher.org\/fr\/wp-json\/wp\/v2\/users\/2"}],"replies":[{"embeddable":true,"href":"https:\/\/oukosher.org\/fr\/wp-json\/wp\/v2\/comments?post=13"}],"version-history":[{"count":1,"href":"https:\/\/oukosher.org\/fr\/wp-json\/wp\/v2\/pages\/13\/revisions"}],"predecessor-version":[{"id":15,"href":"https:\/\/oukosher.org\/fr\/wp-json\/wp\/v2\/pages\/13\/revisions\/15"}],"wp:attachment":[{"href":"https:\/\/oukosher.org\/fr\/wp-json\/wp\/v2\/media?parent=13"}],"curies":[{"name":"wp","href":"https:\/\/api.w.org\/{rel}","templated":true}]}}