{"id":8,"date":"2021-03-17T17:01:43","date_gmt":"2021-03-17T17:01:43","guid":{"rendered":"https:\/\/oukosher.org\/es\/?page_id=8"},"modified":"2024-02-06T22:10:37","modified_gmt":"2024-02-06T22:10:37","slug":"que-es-el-kosher","status":"publish","type":"page","link":"https:\/\/oukosher.org\/es\/que-es-el-kosher\/","title":{"rendered":"\u00bfQu\u00e9 es el Kosher?"},"content":{"rendered":"<p>La palabra kosher significa apto o adecuado, y se incorpor\u00f3 de manera informal al idioma ingl\u00e9s con ese significado. Pero las leyes kosher tienen su origen en la Biblia, y est\u00e1n detalladas en el Talmud y en otros c\u00f3digos de la tradici\u00f3n jud\u00eda. Se han aplicado a lo largo de los siglos en situaciones en constante cambio, y estas disposiciones, tanto antiguas como modernas, rigen la certificaci\u00f3n kosher de la UO.<\/p>\n<p>Tal vez usted ya est\u00e9 familiarizado con algunos de los requisitos mejor conocidos, pero podr\u00eda sorprenderse por el alcance de las regulaciones que desconoce.<\/p>\n<p>La Biblia proporciona una lista de las categor\u00edas b\u00e1sicas de alimentos que no son kosher. Entre estos se incluyen ciertos animales, aves de corral y pescados (tales como cerdo y conejo, \u00e1guila y b\u00faho, bagre y esturi\u00f3n) y todos los mariscos, insectos y reptiles. Adem\u00e1s, las especies kosher de carne y aves de corral deben ser faenadas de una determinada manera, y las carnes y los productos l\u00e1cteos no pueden elaborarse o consumirse en forma conjunta.<\/p>\n<p>\u00bfPor qu\u00e9 tantos alimentos requieren una supervisi\u00f3n kosher? Por ejemplo, ya que no est\u00e1n hechos de carne, aves de corral, pescado o insectos, \u00bfno son los cereales y las patatas fritas intr\u00ednsecamente kosher? La respuesta es que todas las unidades y subunidades de un alimento tambi\u00e9n deben ser kosher. Es por eso que, por ejemplo, un cereal puede no ser kosher porque contiene pasas, las cuales est\u00e1n recubiertas con una glicerina de base animal que no es Kosher. Las patatas fritas pueden no ser kosher si el aceite vegetal usado en la freidora ha sido pasteurizado y desodorizado en equipos que se usan para la producci\u00f3n de sebo. De hecho, el equipo empleado para la elaboraci\u00f3n de productos calientes que no son kosher puede no ser apto para la elaboraci\u00f3n de productos kosher si antes no se le realiza el proceso de kosherizaci\u00f3n (un procedimiento de purga en caliente).<\/p>\n<p><a class=\"btn btn--mid\" style=\"color: white;\" href=\"https:\/\/oukosher.org\/get-certified-application\/#apply-form\">Formulario de Solicitud de Certificaci\u00f3n Kosher<\/a><\/p>\n","protected":false},"excerpt":{"rendered":"<p>La palabra kosher significa apto o adecuado, y se incorpor\u00f3 de manera informal al idioma ingl\u00e9s con ese significado. Pero las leyes kosher tienen su origen en la Biblia, y est\u00e1n detalladas en el Talmud y en otros c\u00f3digos de la tradici\u00f3n jud\u00eda. Se han aplicado a lo largo de los siglos en situaciones en [&hellip;]<\/p>\n","protected":false},"author":3,"featured_media":0,"parent":0,"menu_order":0,"comment_status":"closed","ping_status":"closed","template":"","meta":{"_acf_changed":false,"ep_exclude_from_search":false,"_cloudinary_featured_overwrite":false,"footnotes":""},"class_list":["post-8","page","type-page","status-publish","hentry"],"acf":[],"yoast_head":"<!-- This site is optimized with the Yoast SEO plugin v21.9.1 - https:\/\/yoast.com\/wordpress\/plugins\/seo\/ -->\n<title>\u00bfQu\u00e9 es el Kosher? - Certificaci\u00f3n para Alimentos e Ingredientes | OUKosher<\/title>\n<meta name=\"robots\" content=\"index, follow, max-snippet:-1, max-image-preview:large, max-video-preview:-1\" \/>\n<link rel=\"canonical\" href=\"https:\/\/oukosher.org\/es\/que-es-el-kosher\/\" \/>\n<meta property=\"og:locale\" content=\"en_US\" \/>\n<meta property=\"og:type\" content=\"article\" \/>\n<meta property=\"og:title\" content=\"\u00bfQu\u00e9 es el Kosher? - Certificaci\u00f3n para Alimentos e Ingredientes | OUKosher\" \/>\n<meta property=\"og:description\" content=\"La palabra kosher significa apto o adecuado, y se incorpor\u00f3 de manera informal al idioma ingl\u00e9s con ese significado. Pero las leyes kosher tienen su origen en la Biblia, y est\u00e1n detalladas en el Talmud y en otros c\u00f3digos de la tradici\u00f3n jud\u00eda. Se han aplicado a lo largo de los siglos en situaciones en [&hellip;]\" \/>\n<meta property=\"og:url\" content=\"https:\/\/oukosher.org\/es\/que-es-el-kosher\/\" \/>\n<meta property=\"og:site_name\" content=\"Certificaci\u00f3n para Alimentos e Ingredientes | OUKosher\" \/>\n<meta property=\"article:modified_time\" content=\"2024-02-06T22:10:37+00:00\" \/>\n<meta name=\"twitter:card\" content=\"summary_large_image\" \/>\n<meta name=\"twitter:label1\" content=\"Est. reading time\" \/>\n\t<meta name=\"twitter:data1\" content=\"2 minutes\" \/>\n<script type=\"application\/ld+json\" class=\"yoast-schema-graph\">{\"@context\":\"https:\/\/schema.org\",\"@graph\":[{\"@type\":\"WebPage\",\"@id\":\"https:\/\/oukosher.org\/es\/que-es-el-kosher\/\",\"url\":\"https:\/\/oukosher.org\/es\/que-es-el-kosher\/\",\"name\":\"\u00bfQu\u00e9 es el Kosher? - Certificaci\u00f3n para Alimentos e Ingredientes | OUKosher\",\"isPartOf\":{\"@id\":\"https:\/\/oukosher.org\/es\/#website\"},\"datePublished\":\"2021-03-17T17:01:43+00:00\",\"dateModified\":\"2024-02-06T22:10:37+00:00\",\"breadcrumb\":{\"@id\":\"https:\/\/oukosher.org\/es\/que-es-el-kosher\/#breadcrumb\"},\"inLanguage\":\"Spanish-MX\",\"potentialAction\":[{\"@type\":\"ReadAction\",\"target\":[\"https:\/\/oukosher.org\/es\/que-es-el-kosher\/\"]}]},{\"@type\":\"BreadcrumbList\",\"@id\":\"https:\/\/oukosher.org\/es\/que-es-el-kosher\/#breadcrumb\",\"itemListElement\":[{\"@type\":\"ListItem\",\"position\":1,\"name\":\"Home\",\"item\":\"https:\/\/oukosher.org\/es\/\"},{\"@type\":\"ListItem\",\"position\":2,\"name\":\"\u00bfQu\u00e9 es el Kosher?\"}]},{\"@type\":\"WebSite\",\"@id\":\"https:\/\/oukosher.org\/es\/#website\",\"url\":\"https:\/\/oukosher.org\/es\/\",\"name\":\"Certificaci\u00f3n para Alimentos e Ingredientes | OUKosher\",\"description\":\"Kosher certificaci\u00f3n for food companies worldwide.\",\"potentialAction\":[{\"@type\":\"SearchAction\",\"target\":{\"@type\":\"EntryPoint\",\"urlTemplate\":\"https:\/\/oukosher.org\/product-search\/#s={search_term_string}\"},\"query-input\":\"required name=search_term_string\"}],\"inLanguage\":\"Spanish-MX\"}]}<\/script>\n<!-- \/ Yoast SEO plugin. -->","yoast_head_json":{"title":"\u00bfQu\u00e9 es el Kosher? - Certificaci\u00f3n para Alimentos e Ingredientes | OUKosher","robots":{"index":"index","follow":"follow","max-snippet":"max-snippet:-1","max-image-preview":"max-image-preview:large","max-video-preview":"max-video-preview:-1"},"canonical":"https:\/\/oukosher.org\/es\/que-es-el-kosher\/","og_locale":"en_US","og_type":"article","og_title":"\u00bfQu\u00e9 es el Kosher? - Certificaci\u00f3n para Alimentos e Ingredientes | OUKosher","og_description":"La palabra kosher significa apto o adecuado, y se incorpor\u00f3 de manera informal al idioma ingl\u00e9s con ese significado. Pero las leyes kosher tienen su origen en la Biblia, y est\u00e1n detalladas en el Talmud y en otros c\u00f3digos de la tradici\u00f3n jud\u00eda. Se han aplicado a lo largo de los siglos en situaciones en [&hellip;]","og_url":"https:\/\/oukosher.org\/es\/que-es-el-kosher\/","og_site_name":"Certificaci\u00f3n para Alimentos e Ingredientes | OUKosher","article_modified_time":"2024-02-06T22:10:37+00:00","twitter_card":"summary_large_image","twitter_misc":{"Est. reading time":"2 minutes"},"schema":{"@context":"https:\/\/schema.org","@graph":[{"@type":"WebPage","@id":"https:\/\/oukosher.org\/es\/que-es-el-kosher\/","url":"https:\/\/oukosher.org\/es\/que-es-el-kosher\/","name":"\u00bfQu\u00e9 es el Kosher? - Certificaci\u00f3n para Alimentos e Ingredientes | OUKosher","isPartOf":{"@id":"https:\/\/oukosher.org\/es\/#website"},"datePublished":"2021-03-17T17:01:43+00:00","dateModified":"2024-02-06T22:10:37+00:00","breadcrumb":{"@id":"https:\/\/oukosher.org\/es\/que-es-el-kosher\/#breadcrumb"},"inLanguage":"Spanish-MX","potentialAction":[{"@type":"ReadAction","target":["https:\/\/oukosher.org\/es\/que-es-el-kosher\/"]}]},{"@type":"BreadcrumbList","@id":"https:\/\/oukosher.org\/es\/que-es-el-kosher\/#breadcrumb","itemListElement":[{"@type":"ListItem","position":1,"name":"Home","item":"https:\/\/oukosher.org\/es\/"},{"@type":"ListItem","position":2,"name":"\u00bfQu\u00e9 es el Kosher?"}]},{"@type":"WebSite","@id":"https:\/\/oukosher.org\/es\/#website","url":"https:\/\/oukosher.org\/es\/","name":"Certificaci\u00f3n para Alimentos e Ingredientes | OUKosher","description":"Kosher certificaci\u00f3n for food companies worldwide.","potentialAction":[{"@type":"SearchAction","target":{"@type":"EntryPoint","urlTemplate":"https:\/\/oukosher.org\/product-search\/#s={search_term_string}"},"query-input":"required name=search_term_string"}],"inLanguage":"Spanish-MX"}]}},"_links":{"self":[{"href":"https:\/\/oukosher.org\/es\/wp-json\/wp\/v2\/pages\/8","targetHints":{"allow":["GET"]}}],"collection":[{"href":"https:\/\/oukosher.org\/es\/wp-json\/wp\/v2\/pages"}],"about":[{"href":"https:\/\/oukosher.org\/es\/wp-json\/wp\/v2\/types\/page"}],"author":[{"embeddable":true,"href":"https:\/\/oukosher.org\/es\/wp-json\/wp\/v2\/users\/3"}],"replies":[{"embeddable":true,"href":"https:\/\/oukosher.org\/es\/wp-json\/wp\/v2\/comments?post=8"}],"version-history":[{"count":1,"href":"https:\/\/oukosher.org\/es\/wp-json\/wp\/v2\/pages\/8\/revisions"}],"predecessor-version":[{"id":9,"href":"https:\/\/oukosher.org\/es\/wp-json\/wp\/v2\/pages\/8\/revisions\/9"}],"wp:attachment":[{"href":"https:\/\/oukosher.org\/es\/wp-json\/wp\/v2\/media?parent=8"}],"curies":[{"name":"wp","href":"https:\/\/api.w.org\/{rel}","templated":true}]}}