{"id":12,"date":"2021-03-17T17:03:17","date_gmt":"2021-03-17T17:03:17","guid":{"rendered":"https:\/\/oukosher.org\/es\/?page_id=12"},"modified":"2021-03-17T17:03:17","modified_gmt":"2021-03-17T17:03:17","slug":"que-es-la-uo","status":"publish","type":"page","link":"https:\/\/oukosher.org\/es\/que-es-la-uo\/","title":{"rendered":"\u00bfQu\u00e9 es la UO?"},"content":{"rendered":"<p>La UO (Uni\u00f3n Ortodoxa) Kosher es la agencia de certificaci\u00f3n kosher m\u00e1s grande y reconocida del mundo, que certifica m\u00e1s de 400.000 productos elaborados en m\u00e1s de 6.000 plantas ubicadas en 80 pa\u00edses.<\/p>\n<p>La UO, que ha sido llamada un \u201ccodiciado sello de aprobaci\u00f3n\u201d por el New York Times, es una de las marcas m\u00e1s reconocidas del mundo. Compar\u00e1ndola con la UL\u00ae, la revista Forbes escribi\u00f3, \u201cSi quiere saber si su comida es kosher, busque el s\u00edmbolo UO de la Uni\u00f3n Ortodoxa\u201d.<\/p>\n<p>Este s\u00edmbolo realza su producto de forma inmediata y universal, elevando la percepci\u00f3n de su calidad e incrementando su potencial comercial.<\/p>\n<p>Nuestros 600 Representantes de Campo Rab\u00ednicos, ubicados a lo largo y a lo ancho de Norteam\u00e9rica y en todo el mundo \u2013 de Europa a Australia, de China a Sud\u00e1frica\u2014 son expertos en las modernas t\u00e9cnicas de elaboraci\u00f3n de alimentos y en los procesos qu\u00edmicos y biol\u00f3gicos, como tambi\u00e9n lo son en cuanto a las complejidades de la ley Jud\u00eda.<\/p>\n<p>El personal de nuestra sede central de Nueva York est\u00e1 compuesto por m\u00e1s de 50 Coordinadores Rab\u00ednicos que se desempe\u00f1an como ejecutivos de cuentas para las compa\u00f1\u00edas certificadas por la UO, complementados por una serie de especialistas en ingredientes, analistas de sabores y otro personal de apoyo.<\/p>\n<p>Un sistema inform\u00e1tico de \u00faltima tecnolog\u00eda almacena y rastrea informaci\u00f3n sobre el producto y sobre los ingredientes. La base de datos de la Uni\u00f3n Ortodoxa contiene informaci\u00f3n sobre m\u00e1s de 250.000 ingredientes de alimentos.<\/p>\n<p>Muchas de las marcas m\u00e1s reconocidas de la industria, grandes y peque\u00f1as, escogen a la UO para su certificaci\u00f3n kosher, incluyendo a: ADM, Avebe, Best Foods, Cargill, Cerestar, Coca Cola, Cognis, Peter Cremer, Danisco, Dean Foods, DSM, General Mills, Haarmann &amp; Reimer, Chr. Hansen, Hebei Welcome Pharmaceutical, H.J. Heinz, Hershey\u2019s, Kraft\/Nabisco, McCormick &amp; Co., Nestl\u00e9, Novartis, Procter &amp; Gamble, Pillsbury, Quest, Reynolds Aluminum, Rhodia, Unilever, y miles m\u00e1s.<\/p>\n","protected":false},"excerpt":{"rendered":"<p>La UO (Uni\u00f3n Ortodoxa) Kosher es la agencia de certificaci\u00f3n kosher m\u00e1s grande y reconocida del mundo, que certifica m\u00e1s de 400.000 productos elaborados en m\u00e1s de 6.000 plantas ubicadas en 80 pa\u00edses. La UO, que ha sido llamada un \u201ccodiciado sello de aprobaci\u00f3n\u201d por el New York Times, es una de las marcas m\u00e1s [&hellip;]<\/p>\n","protected":false},"author":3,"featured_media":0,"parent":0,"menu_order":0,"comment_status":"closed","ping_status":"closed","template":"","meta":{"_acf_changed":false,"ep_exclude_from_search":false,"_cloudinary_featured_overwrite":false,"footnotes":""},"class_list":["post-12","page","type-page","status-publish","hentry"],"acf":[],"yoast_head":"<!-- This site is optimized with the Yoast SEO plugin v21.9.1 - https:\/\/yoast.com\/wordpress\/plugins\/seo\/ -->\n<title>\u00bfQu\u00e9 es la UO? - Certificaci\u00f3n para Alimentos e Ingredientes | OUKosher<\/title>\n<meta name=\"robots\" content=\"index, follow, max-snippet:-1, max-image-preview:large, max-video-preview:-1\" \/>\n<link rel=\"canonical\" href=\"https:\/\/oukosher.org\/es\/que-es-la-uo\/\" \/>\n<meta property=\"og:locale\" content=\"en_US\" \/>\n<meta property=\"og:type\" content=\"article\" \/>\n<meta property=\"og:title\" content=\"\u00bfQu\u00e9 es la UO? - Certificaci\u00f3n para Alimentos e Ingredientes | OUKosher\" \/>\n<meta property=\"og:description\" content=\"La UO (Uni\u00f3n Ortodoxa) Kosher es la agencia de certificaci\u00f3n kosher m\u00e1s grande y reconocida del mundo, que certifica m\u00e1s de 400.000 productos elaborados en m\u00e1s de 6.000 plantas ubicadas en 80 pa\u00edses. La UO, que ha sido llamada un \u201ccodiciado sello de aprobaci\u00f3n\u201d por el New York Times, es una de las marcas m\u00e1s [&hellip;]\" \/>\n<meta property=\"og:url\" content=\"https:\/\/oukosher.org\/es\/que-es-la-uo\/\" \/>\n<meta property=\"og:site_name\" content=\"Certificaci\u00f3n para Alimentos e Ingredientes | OUKosher\" \/>\n<meta name=\"twitter:card\" content=\"summary_large_image\" \/>\n<meta name=\"twitter:label1\" content=\"Est. reading time\" \/>\n\t<meta name=\"twitter:data1\" content=\"2 minutes\" \/>\n<script type=\"application\/ld+json\" class=\"yoast-schema-graph\">{\"@context\":\"https:\/\/schema.org\",\"@graph\":[{\"@type\":\"WebPage\",\"@id\":\"https:\/\/oukosher.org\/es\/que-es-la-uo\/\",\"url\":\"https:\/\/oukosher.org\/es\/que-es-la-uo\/\",\"name\":\"\u00bfQu\u00e9 es la UO? - Certificaci\u00f3n para Alimentos e Ingredientes | OUKosher\",\"isPartOf\":{\"@id\":\"https:\/\/oukosher.org\/es\/#website\"},\"datePublished\":\"2021-03-17T17:03:17+00:00\",\"dateModified\":\"2021-03-17T17:03:17+00:00\",\"breadcrumb\":{\"@id\":\"https:\/\/oukosher.org\/es\/que-es-la-uo\/#breadcrumb\"},\"inLanguage\":\"Spanish-MX\",\"potentialAction\":[{\"@type\":\"ReadAction\",\"target\":[\"https:\/\/oukosher.org\/es\/que-es-la-uo\/\"]}]},{\"@type\":\"BreadcrumbList\",\"@id\":\"https:\/\/oukosher.org\/es\/que-es-la-uo\/#breadcrumb\",\"itemListElement\":[{\"@type\":\"ListItem\",\"position\":1,\"name\":\"Home\",\"item\":\"https:\/\/oukosher.org\/es\/\"},{\"@type\":\"ListItem\",\"position\":2,\"name\":\"\u00bfQu\u00e9 es la UO?\"}]},{\"@type\":\"WebSite\",\"@id\":\"https:\/\/oukosher.org\/es\/#website\",\"url\":\"https:\/\/oukosher.org\/es\/\",\"name\":\"Certificaci\u00f3n para Alimentos e Ingredientes | OUKosher\",\"description\":\"Kosher certificaci\u00f3n for food companies worldwide.\",\"potentialAction\":[{\"@type\":\"SearchAction\",\"target\":{\"@type\":\"EntryPoint\",\"urlTemplate\":\"https:\/\/oukosher.org\/product-search\/#s={search_term_string}\"},\"query-input\":\"required name=search_term_string\"}],\"inLanguage\":\"Spanish-MX\"}]}<\/script>\n<!-- \/ Yoast SEO plugin. -->","yoast_head_json":{"title":"\u00bfQu\u00e9 es la UO? - Certificaci\u00f3n para Alimentos e Ingredientes | OUKosher","robots":{"index":"index","follow":"follow","max-snippet":"max-snippet:-1","max-image-preview":"max-image-preview:large","max-video-preview":"max-video-preview:-1"},"canonical":"https:\/\/oukosher.org\/es\/que-es-la-uo\/","og_locale":"en_US","og_type":"article","og_title":"\u00bfQu\u00e9 es la UO? - Certificaci\u00f3n para Alimentos e Ingredientes | OUKosher","og_description":"La UO (Uni\u00f3n Ortodoxa) Kosher es la agencia de certificaci\u00f3n kosher m\u00e1s grande y reconocida del mundo, que certifica m\u00e1s de 400.000 productos elaborados en m\u00e1s de 6.000 plantas ubicadas en 80 pa\u00edses. La UO, que ha sido llamada un \u201ccodiciado sello de aprobaci\u00f3n\u201d por el New York Times, es una de las marcas m\u00e1s [&hellip;]","og_url":"https:\/\/oukosher.org\/es\/que-es-la-uo\/","og_site_name":"Certificaci\u00f3n para Alimentos e Ingredientes | OUKosher","twitter_card":"summary_large_image","twitter_misc":{"Est. reading time":"2 minutes"},"schema":{"@context":"https:\/\/schema.org","@graph":[{"@type":"WebPage","@id":"https:\/\/oukosher.org\/es\/que-es-la-uo\/","url":"https:\/\/oukosher.org\/es\/que-es-la-uo\/","name":"\u00bfQu\u00e9 es la UO? - Certificaci\u00f3n para Alimentos e Ingredientes | OUKosher","isPartOf":{"@id":"https:\/\/oukosher.org\/es\/#website"},"datePublished":"2021-03-17T17:03:17+00:00","dateModified":"2021-03-17T17:03:17+00:00","breadcrumb":{"@id":"https:\/\/oukosher.org\/es\/que-es-la-uo\/#breadcrumb"},"inLanguage":"Spanish-MX","potentialAction":[{"@type":"ReadAction","target":["https:\/\/oukosher.org\/es\/que-es-la-uo\/"]}]},{"@type":"BreadcrumbList","@id":"https:\/\/oukosher.org\/es\/que-es-la-uo\/#breadcrumb","itemListElement":[{"@type":"ListItem","position":1,"name":"Home","item":"https:\/\/oukosher.org\/es\/"},{"@type":"ListItem","position":2,"name":"\u00bfQu\u00e9 es la UO?"}]},{"@type":"WebSite","@id":"https:\/\/oukosher.org\/es\/#website","url":"https:\/\/oukosher.org\/es\/","name":"Certificaci\u00f3n para Alimentos e Ingredientes | OUKosher","description":"Kosher certificaci\u00f3n for food companies worldwide.","potentialAction":[{"@type":"SearchAction","target":{"@type":"EntryPoint","urlTemplate":"https:\/\/oukosher.org\/product-search\/#s={search_term_string}"},"query-input":"required name=search_term_string"}],"inLanguage":"Spanish-MX"}]}},"_links":{"self":[{"href":"https:\/\/oukosher.org\/es\/wp-json\/wp\/v2\/pages\/12","targetHints":{"allow":["GET"]}}],"collection":[{"href":"https:\/\/oukosher.org\/es\/wp-json\/wp\/v2\/pages"}],"about":[{"href":"https:\/\/oukosher.org\/es\/wp-json\/wp\/v2\/types\/page"}],"author":[{"embeddable":true,"href":"https:\/\/oukosher.org\/es\/wp-json\/wp\/v2\/users\/3"}],"replies":[{"embeddable":true,"href":"https:\/\/oukosher.org\/es\/wp-json\/wp\/v2\/comments?post=12"}],"version-history":[{"count":1,"href":"https:\/\/oukosher.org\/es\/wp-json\/wp\/v2\/pages\/12\/revisions"}],"predecessor-version":[{"id":13,"href":"https:\/\/oukosher.org\/es\/wp-json\/wp\/v2\/pages\/12\/revisions\/13"}],"wp:attachment":[{"href":"https:\/\/oukosher.org\/es\/wp-json\/wp\/v2\/media?parent=12"}],"curies":[{"name":"wp","href":"https:\/\/api.w.org\/{rel}","templated":true}]}}