{"id":6,"date":"2021-03-17T18:22:59","date_gmt":"2021-03-17T18:22:59","guid":{"rendered":"https:\/\/oukosher.org\/pt\/?page_id=6"},"modified":"2021-04-19T13:33:54","modified_gmt":"2021-04-19T13:33:54","slug":"get-certified-application","status":"publish","type":"page","link":"https:\/\/oukosher.org\/br\/get-certified-application\/","title":{"rendered":"Solicite a Certifica\u00e7\u00e3o Kosher"},"content":{"rendered":"","protected":false},"excerpt":{"rendered":"","protected":false},"author":3,"featured_media":0,"parent":0,"menu_order":0,"comment_status":"closed","ping_status":"closed","template":"","meta":{"_acf_changed":false,"ep_exclude_from_search":false,"_cloudinary_featured_overwrite":false,"footnotes":""},"class_list":["post-6","page","type-page","status-publish","hentry"],"acf":[],"yoast_head":"<!-- This site is optimized with the Yoast SEO plugin v21.9.1 - https:\/\/yoast.com\/wordpress\/plugins\/seo\/ -->\n<title>Solicite a Certifica\u00e7\u00e3o Kosher - Kosher Certifica\u00e7\u00e3o kosher para Ind\u00fastria de Alimentos | OU Kosher<\/title>\n<meta name=\"robots\" content=\"index, follow, max-snippet:-1, max-image-preview:large, max-video-preview:-1\" \/>\n<link rel=\"canonical\" href=\"https:\/\/oukosher.org\/br\/get-certified-application\/\" \/>\n<meta property=\"og:locale\" content=\"pt_BR\" \/>\n<meta property=\"og:type\" content=\"article\" \/>\n<meta property=\"og:title\" content=\"Solicite a Certifica\u00e7\u00e3o Kosher - Kosher Certifica\u00e7\u00e3o kosher para Ind\u00fastria de Alimentos | OU Kosher\" \/>\n<meta property=\"og:url\" content=\"https:\/\/oukosher.org\/br\/get-certified-application\/\" \/>\n<meta property=\"og:site_name\" content=\"Kosher Certifica\u00e7\u00e3o kosher para Ind\u00fastria de Alimentos | OU Kosher\" \/>\n<meta property=\"article:modified_time\" content=\"2021-04-19T13:33:54+00:00\" \/>\n<meta name=\"twitter:card\" content=\"summary_large_image\" \/>\n<script type=\"application\/ld+json\" class=\"yoast-schema-graph\">{\"@context\":\"https:\/\/schema.org\",\"@graph\":[{\"@type\":\"WebPage\",\"@id\":\"https:\/\/oukosher.org\/br\/get-certified-application\/\",\"url\":\"https:\/\/oukosher.org\/br\/get-certified-application\/\",\"name\":\"Solicite a Certifica\u00e7\u00e3o Kosher - Kosher Certifica\u00e7\u00e3o kosher para Ind\u00fastria de Alimentos | OU Kosher\",\"isPartOf\":{\"@id\":\"https:\/\/oukosher.org\/br\/#website\"},\"datePublished\":\"2021-03-17T18:22:59+00:00\",\"dateModified\":\"2021-04-19T13:33:54+00:00\",\"breadcrumb\":{\"@id\":\"https:\/\/oukosher.org\/br\/get-certified-application\/#breadcrumb\"},\"inLanguage\":\"pt-BR\",\"potentialAction\":[{\"@type\":\"ReadAction\",\"target\":[\"https:\/\/oukosher.org\/br\/get-certified-application\/\"]}]},{\"@type\":\"BreadcrumbList\",\"@id\":\"https:\/\/oukosher.org\/br\/get-certified-application\/#breadcrumb\",\"itemListElement\":[{\"@type\":\"ListItem\",\"position\":1,\"name\":\"Home\",\"item\":\"https:\/\/oukosher.org\/br\/\"},{\"@type\":\"ListItem\",\"position\":2,\"name\":\"Solicite a Certifica\u00e7\u00e3o Kosher\"}]},{\"@type\":\"WebSite\",\"@id\":\"https:\/\/oukosher.org\/br\/#website\",\"url\":\"https:\/\/oukosher.org\/br\/\",\"name\":\"Kosher Certifica\u00e7\u00e3o kosher para Ind\u00fastria de Alimentos | OU Kosher\",\"description\":\"\",\"potentialAction\":[{\"@type\":\"SearchAction\",\"target\":{\"@type\":\"EntryPoint\",\"urlTemplate\":\"https:\/\/oukosher.org\/product-search\/#s={search_term_string}\"},\"query-input\":\"required name=search_term_string\"}],\"inLanguage\":\"pt-BR\"}]}<\/script>\n<!-- \/ Yoast SEO plugin. -->","yoast_head_json":{"title":"Solicite a Certifica\u00e7\u00e3o Kosher - Kosher Certifica\u00e7\u00e3o kosher para Ind\u00fastria de Alimentos | OU Kosher","robots":{"index":"index","follow":"follow","max-snippet":"max-snippet:-1","max-image-preview":"max-image-preview:large","max-video-preview":"max-video-preview:-1"},"canonical":"https:\/\/oukosher.org\/br\/get-certified-application\/","og_locale":"pt_BR","og_type":"article","og_title":"Solicite a Certifica\u00e7\u00e3o Kosher - Kosher Certifica\u00e7\u00e3o kosher para Ind\u00fastria de Alimentos | OU Kosher","og_url":"https:\/\/oukosher.org\/br\/get-certified-application\/","og_site_name":"Kosher Certifica\u00e7\u00e3o kosher para Ind\u00fastria de Alimentos | OU Kosher","article_modified_time":"2021-04-19T13:33:54+00:00","twitter_card":"summary_large_image","schema":{"@context":"https:\/\/schema.org","@graph":[{"@type":"WebPage","@id":"https:\/\/oukosher.org\/br\/get-certified-application\/","url":"https:\/\/oukosher.org\/br\/get-certified-application\/","name":"Solicite a Certifica\u00e7\u00e3o Kosher - Kosher Certifica\u00e7\u00e3o kosher para Ind\u00fastria de Alimentos | OU Kosher","isPartOf":{"@id":"https:\/\/oukosher.org\/br\/#website"},"datePublished":"2021-03-17T18:22:59+00:00","dateModified":"2021-04-19T13:33:54+00:00","breadcrumb":{"@id":"https:\/\/oukosher.org\/br\/get-certified-application\/#breadcrumb"},"inLanguage":"pt-BR","potentialAction":[{"@type":"ReadAction","target":["https:\/\/oukosher.org\/br\/get-certified-application\/"]}]},{"@type":"BreadcrumbList","@id":"https:\/\/oukosher.org\/br\/get-certified-application\/#breadcrumb","itemListElement":[{"@type":"ListItem","position":1,"name":"Home","item":"https:\/\/oukosher.org\/br\/"},{"@type":"ListItem","position":2,"name":"Solicite a Certifica\u00e7\u00e3o Kosher"}]},{"@type":"WebSite","@id":"https:\/\/oukosher.org\/br\/#website","url":"https:\/\/oukosher.org\/br\/","name":"Kosher Certifica\u00e7\u00e3o kosher para Ind\u00fastria de Alimentos | OU Kosher","description":"","potentialAction":[{"@type":"SearchAction","target":{"@type":"EntryPoint","urlTemplate":"https:\/\/oukosher.org\/product-search\/#s={search_term_string}"},"query-input":"required name=search_term_string"}],"inLanguage":"pt-BR"}]}},"_links":{"self":[{"href":"https:\/\/oukosher.org\/br\/wp-json\/wp\/v2\/pages\/6","targetHints":{"allow":["GET"]}}],"collection":[{"href":"https:\/\/oukosher.org\/br\/wp-json\/wp\/v2\/pages"}],"about":[{"href":"https:\/\/oukosher.org\/br\/wp-json\/wp\/v2\/types\/page"}],"author":[{"embeddable":true,"href":"https:\/\/oukosher.org\/br\/wp-json\/wp\/v2\/users\/3"}],"replies":[{"embeddable":true,"href":"https:\/\/oukosher.org\/br\/wp-json\/wp\/v2\/comments?post=6"}],"version-history":[{"count":2,"href":"https:\/\/oukosher.org\/br\/wp-json\/wp\/v2\/pages\/6\/revisions"}],"predecessor-version":[{"id":8,"href":"https:\/\/oukosher.org\/br\/wp-json\/wp\/v2\/pages\/6\/revisions\/8"}],"wp:attachment":[{"href":"https:\/\/oukosher.org\/br\/wp-json\/wp\/v2\/media?parent=6"}],"curies":[{"name":"wp","href":"https:\/\/api.w.org\/{rel}","templated":true}]}}